{"id":3277,"date":"2024-10-30T12:56:43","date_gmt":"2024-10-30T11:56:43","guid":{"rendered":"https:\/\/alarme-sans-abonnement.alarm-kit.com\/?post_type=product&#038;p=3277"},"modified":"2025-02-11T12:53:51","modified_gmt":"2025-02-11T11:53:51","slug":"kit-alarme-sans-abonnement-cube-standard","status":"publish","type":"product","link":"https:\/\/alarme-sans-abonnement.alarm-kit.com\/es\/store\/alarma-sin-permanencia-sin-cuotas\/cubo-kit-de-alarma-estandar-sin-suscripcion\/","title":{"rendered":"Kit de alarma est\u00e1ndar sin suscripci\u00f3n CUBE"},"content":{"rendered":"<h3>Seguridad inteligente y sin esfuerzo con la alarma CUBE<\/h3>\n<p><strong>Supervise y proteja su hogar con tecnolog\u00eda Wi-Fi avanzada<\/strong><\/p>\n<p>Descubra la alarma con conexi\u00f3n Wi-Fi, dise\u00f1ada para ofrecer una protecci\u00f3n \u00f3ptima gracias a su tecnolog\u00eda de transmisi\u00f3n Wi-Fi IEEE802.11b\/g\/n de 2,4 GHz. F\u00e1cil de instalar, esta alarma inteligente utiliza una conexi\u00f3n inal\u00e1mbrica para una integraci\u00f3n sencilla en su red dom\u00e9stica. Disfrute de una supervisi\u00f3n constante y alertas instant\u00e1neas, directamente en su smartphone. Con aplicaciones compatibles como Smart Life y Tuya, podr\u00e1 gestionar y controlar f\u00e1cilmente su sistema de seguridad. Adem\u00e1s, la alarma es compatible con Google Assistant y Alexa, lo que te permite controlar tu seguridad por voz.<\/p>\n<p><img loading=\"lazy\" decoding=\"async\" class=\"alignnone size-full wp-image-3008\" src=\"https:\/\/alarme-sans-abonnement.alarm-kit.com\/wp-content\/uploads\/2020\/02\/Smart-life-logo-2.avif\" alt=\"\" width=\"262\" height=\"90\" srcset=\"https:\/\/alarme-sans-abonnement.alarm-kit.com\/wp-content\/uploads\/2020\/02\/Smart-life-logo-2.avif 262w, https:\/\/alarme-sans-abonnement.alarm-kit.com\/wp-content\/uploads\/2020\/02\/Smart-life-logo-2-18x6.avif 18w\" sizes=\"auto, (max-width: 262px) 100vw, 262px\" \/> <img loading=\"lazy\" decoding=\"async\" class=\"alignnone size-full wp-image-3009\" src=\"https:\/\/alarme-sans-abonnement.alarm-kit.com\/wp-content\/uploads\/2020\/02\/Tuya-logo-2.avif\" alt=\"\" width=\"262\" height=\"90\" srcset=\"https:\/\/alarme-sans-abonnement.alarm-kit.com\/wp-content\/uploads\/2020\/02\/Tuya-logo-2.avif 262w, https:\/\/alarme-sans-abonnement.alarm-kit.com\/wp-content\/uploads\/2020\/02\/Tuya-logo-2-18x6.avif 18w\" sizes=\"auto, (max-width: 262px) 100vw, 262px\" \/> <img loading=\"lazy\" decoding=\"async\" class=\"alignnone size-full wp-image-3007\" src=\"https:\/\/alarme-sans-abonnement.alarm-kit.com\/wp-content\/uploads\/2020\/02\/google-assistant-logo-2.avif\" alt=\"\" width=\"262\" height=\"90\" srcset=\"https:\/\/alarme-sans-abonnement.alarm-kit.com\/wp-content\/uploads\/2020\/02\/google-assistant-logo-2.avif 262w, https:\/\/alarme-sans-abonnement.alarm-kit.com\/wp-content\/uploads\/2020\/02\/google-assistant-logo-2-18x6.avif 18w\" sizes=\"auto, (max-width: 262px) 100vw, 262px\" \/> <img loading=\"lazy\" decoding=\"async\" class=\"alignnone size-full wp-image-3006\" src=\"https:\/\/alarme-sans-abonnement.alarm-kit.com\/wp-content\/uploads\/2020\/02\/amazon-alexa-logo-2.avif\" alt=\"\" width=\"262\" height=\"90\" srcset=\"https:\/\/alarme-sans-abonnement.alarm-kit.com\/wp-content\/uploads\/2020\/02\/amazon-alexa-logo-2.avif 262w, https:\/\/alarme-sans-abonnement.alarm-kit.com\/wp-content\/uploads\/2020\/02\/amazon-alexa-logo-2-18x6.avif 18w\" sizes=\"auto, (max-width: 262px) 100vw, 262px\" \/><\/p>\n<p><strong>Control y gesti\u00f3n inal\u00e1mbricos con comandos RFID<\/strong><\/p>\n<p>Disfrute de flexibilidad y comodidad con la tecnolog\u00eda de control inal\u00e1mbrico de nuestra alarma conectada. Capaz de gestionar hasta 10 tarjetas RFID de 125 kHz (4100\/4200), este sistema proporciona un acceso seguro y personalizado a todos los miembros de su hogar. No es necesario memorizar c\u00f3digos complejos: basta con pasar la tarjeta RFID por delante del lector para activar o desactivar la alarma. La tecnolog\u00eda RFID no s\u00f3lo es f\u00e1cil de usar, sino que tambi\u00e9n aumenta la seguridad de su hogar frente a intrusos.<\/p>\n<p><img loading=\"lazy\" decoding=\"async\" class=\"wp-image-3014 size-full aligncenter\" src=\"https:\/\/alarme-sans-abonnement.alarm-kit.com\/wp-content\/uploads\/2020\/02\/4.png\" alt=\"ALARMA WIFI\" width=\"2000\" height=\"960\" srcset=\"https:\/\/alarme-sans-abonnement.alarm-kit.com\/wp-content\/uploads\/2020\/02\/4.png 2000w, https:\/\/alarme-sans-abonnement.alarm-kit.com\/wp-content\/uploads\/2020\/02\/4-300x144.png 300w, https:\/\/alarme-sans-abonnement.alarm-kit.com\/wp-content\/uploads\/2020\/02\/4-1024x492.png 1024w, https:\/\/alarme-sans-abonnement.alarm-kit.com\/wp-content\/uploads\/2020\/02\/4-768x369.png 768w, https:\/\/alarme-sans-abonnement.alarm-kit.com\/wp-content\/uploads\/2020\/02\/4-1536x737.png 1536w, https:\/\/alarme-sans-abonnement.alarm-kit.com\/wp-content\/uploads\/2020\/02\/4-18x9.png 18w, https:\/\/alarme-sans-abonnement.alarm-kit.com\/wp-content\/uploads\/2020\/02\/4-600x288.png 600w\" sizes=\"auto, (max-width: 2000px) 100vw, 2000px\" \/><\/p>\n<p><strong>Accesorios compatibles y rendimiento fiable<\/strong><\/p>\n<p>La alarma conectada es compatible con hasta 96 accesorios, lo que le ofrece la m\u00e1xima personalizaci\u00f3n para satisfacer todas sus necesidades de seguridad. Tanto si desea a\u00f1adir detectores de movimiento, sensores de puerta\/ventana o c\u00e1maras de vigilancia, esta alarma se adapta perfectamente a su entorno. Las frecuencias de transmisi\u00f3n de 433 MHz eV1527 garantizan una comunicaci\u00f3n estable y segura entre todos los componentes del sistema. Adem\u00e1s, gracias a los indicadores LED de estado del sistema, podr\u00e1 comprobar r\u00e1pidamente el estado de la alarma de un vistazo.<\/p>\n<p><strong>Dise\u00f1o compacto y alcance \u00f3ptimo<\/strong><\/p>\n<p>Con unas dimensiones compactas de 80 x 80 x 80 mm y un peso de tan solo 160 g, esta alarma encaja discretamente en cualquier hogar. Alimentada por una bater\u00eda DC5V USB Tipo C, proporciona una autonom\u00eda media de 12 horas, gracias a su bater\u00eda de 1000 mAh, lo que garantiza que su hogar permanezca protegido incluso en caso de corte del suministro el\u00e9ctrico. Dise\u00f1ada para funcionar en un rango de temperatura de -10\u00baC a +50\u00baC, esta alarma es ideal para su uso en diversas condiciones ambientales.<\/p>\n<p><img loading=\"lazy\" decoding=\"async\" class=\"aligncenter wp-image-3015 size-full\" src=\"https:\/\/alarme-sans-abonnement.alarm-kit.com\/wp-content\/uploads\/2020\/02\/3.png\" alt=\"ALARMA DE OFICINA\" width=\"2000\" height=\"960\" srcset=\"https:\/\/alarme-sans-abonnement.alarm-kit.com\/wp-content\/uploads\/2020\/02\/3.png 2000w, https:\/\/alarme-sans-abonnement.alarm-kit.com\/wp-content\/uploads\/2020\/02\/3-300x144.png 300w, https:\/\/alarme-sans-abonnement.alarm-kit.com\/wp-content\/uploads\/2020\/02\/3-1024x492.png 1024w, https:\/\/alarme-sans-abonnement.alarm-kit.com\/wp-content\/uploads\/2020\/02\/3-768x369.png 768w, https:\/\/alarme-sans-abonnement.alarm-kit.com\/wp-content\/uploads\/2020\/02\/3-1536x737.png 1536w, https:\/\/alarme-sans-abonnement.alarm-kit.com\/wp-content\/uploads\/2020\/02\/3-18x9.png 18w, https:\/\/alarme-sans-abonnement.alarm-kit.com\/wp-content\/uploads\/2020\/02\/3-600x288.png 600w\" sizes=\"auto, (max-width: 2000px) 100vw, 2000px\" \/><\/p>\n<p><strong>Especificaciones t\u00e9cnicas:<\/strong><\/p>\n<p>Tipo de transmisi\u00f3n: Wi-Fi 2,4Ghz IEEE802.11b\/g\/n<br \/>\nTecnolog\u00eda de control inal\u00e1mbrico: hasta 10 tarjetas RFID de 125 kHz (4100\/4200) y mando a distancia por RF, aplicaci\u00f3n gratuita para smartphone (Android e iOS)<br \/>\nAplicaciones compatibles: Smart Life, Tuya, Google Assistant, Alexa<br \/>\nAccesorios compatibles: 96<br \/>\nFrecuencia(s) de transmisi\u00f3n: 433 MHz, eV1527<br \/>\nDimensiones (L x A x A): 80 x 80 x 80 mm<br \/>\nPeso (con pilas): 160 g<br \/>\nColor: blanco<br \/>\nFuente de alimentaci\u00f3n (bater\u00eda) : DC5V USB tipo C<br \/>\nDuraci\u00f3n de la bater\u00eda: 12 horas de media, 1000 mAh<br \/>\nIndicadores LED de estado del sistema<br \/>\nTemperatura de funcionamiento: de -10C\u00ba a +50C\u00ba.<\/p>\n<p><img loading=\"lazy\" decoding=\"async\" class=\"aligncenter wp-image-3016 size-full\" src=\"https:\/\/alarme-sans-abonnement.alarm-kit.com\/wp-content\/uploads\/2020\/02\/2.png\" alt=\"ALARMA SIN ABONO\" width=\"2000\" height=\"960\" srcset=\"https:\/\/alarme-sans-abonnement.alarm-kit.com\/wp-content\/uploads\/2020\/02\/2.png 2000w, https:\/\/alarme-sans-abonnement.alarm-kit.com\/wp-content\/uploads\/2020\/02\/2-300x144.png 300w, https:\/\/alarme-sans-abonnement.alarm-kit.com\/wp-content\/uploads\/2020\/02\/2-1024x492.png 1024w, https:\/\/alarme-sans-abonnement.alarm-kit.com\/wp-content\/uploads\/2020\/02\/2-768x369.png 768w, https:\/\/alarme-sans-abonnement.alarm-kit.com\/wp-content\/uploads\/2020\/02\/2-1536x737.png 1536w, https:\/\/alarme-sans-abonnement.alarm-kit.com\/wp-content\/uploads\/2020\/02\/2-18x9.png 18w, https:\/\/alarme-sans-abonnement.alarm-kit.com\/wp-content\/uploads\/2020\/02\/2-600x288.png 600w\" sizes=\"auto, (max-width: 2000px) 100vw, 2000px\" \/><\/p>","protected":false},"excerpt":{"rendered":"<p>Qu\u00e9dese tranquilo con el\u00a0<strong>Kit de alarma est\u00e1ndar CUBE <\/strong>incluyendo:<\/p>","protected":false},"featured_media":3521,"template":"","meta":{"_uag_custom_page_level_css":"","site-sidebar-layout":"default","site-content-layout":"default","ast-site-content-layout":"default","site-content-style":"default","site-sidebar-style":"default","ast-global-header-display":"","ast-banner-title-visibility":"","ast-main-header-display":"","ast-hfb-above-header-display":"","ast-hfb-below-header-display":"","ast-hfb-mobile-header-display":"","site-post-title":"","ast-breadcrumbs-content":"","ast-featured-img":"","footer-sml-layout":"","theme-transparent-header-meta":"default","adv-header-id-meta":"","stick-header-meta":"default","header-above-stick-meta":"","header-main-stick-meta":"","header-below-stick-meta":"","astra-migrate-meta-layouts":"set","ast-page-background-enabled":"default","ast-page-background-meta":{"desktop":{"background-color":"","background-image":"","background-repeat":"repeat","background-position":"center center","background-size":"auto","background-attachment":"scroll","background-type":"","background-media":"","overlay-type":"","overlay-color":"","overlay-opacity":"","overlay-gradient":""},"tablet":{"background-color":"","background-image":"","background-repeat":"repeat","background-position":"center center","background-size":"auto","background-attachment":"scroll","background-type":"","background-media":"","overlay-type":"","overlay-color":"","overlay-opacity":"","overlay-gradient":""},"mobile":{"background-color":"","background-image":"","background-repeat":"repeat","background-position":"center center","background-size":"auto","background-attachment":"scroll","background-type":"","background-media":"","overlay-type":"","overlay-color":"","overlay-opacity":"","overlay-gradient":""}},"ast-content-background-meta":{"desktop":{"background-color":"var(--ast-global-color-5)","background-image":"","background-repeat":"repeat","background-position":"center center","background-size":"auto","background-attachment":"scroll","background-type":"","background-media":"","overlay-type":"","overlay-color":"","overlay-opacity":"","overlay-gradient":""},"tablet":{"background-color":"var(--ast-global-color-5)","background-image":"","background-repeat":"repeat","background-position":"center center","background-size":"auto","background-attachment":"scroll","background-type":"","background-media":"","overlay-type":"","overlay-color":"","overlay-opacity":"","overlay-gradient":""},"mobile":{"background-color":"var(--ast-global-color-5)","background-image":"","background-repeat":"repeat","background-position":"center center","background-size":"auto","background-attachment":"scroll","background-type":"","background-media":"","overlay-type":"","overlay-color":"","overlay-opacity":"","overlay-gradient":""}}},"product_brand":[],"product_cat":[43,34,15],"product_tag":[],"class_list":{"0":"post-3277","1":"product","2":"type-product","3":"status-publish","4":"has-post-thumbnail","6":"product_cat-alarme-entreprise","7":"product_cat-alarme-maison","8":"product_cat-alarme-sans-abonnement","9":"desktop-align-left","10":"tablet-align-left","11":"mobile-align-left","12":"ast-product-gallery-layout-vertical-slider","13":"ast-product-tabs-layout-horizontal","14":"ast-qv-on-image","16":"first","17":"instock","18":"featured","19":"taxable","20":"shipping-taxable","21":"purchasable","22":"product-type-simple"},"aioseo_notices":[],"uagb_featured_image_src":{"full":["https:\/\/alarme-sans-abonnement.alarm-kit.com\/wp-content\/uploads\/2024\/10\/alarme-sans-abonnement-cube-wifi-standard.jpg",2400,2400,false],"thumbnail":["https:\/\/alarme-sans-abonnement.alarm-kit.com\/wp-content\/uploads\/2024\/10\/alarme-sans-abonnement-cube-wifi-standard-150x150.jpg",150,150,true],"medium":["https:\/\/alarme-sans-abonnement.alarm-kit.com\/wp-content\/uploads\/2024\/10\/alarme-sans-abonnement-cube-wifi-standard-300x300.jpg",300,300,true],"medium_large":["https:\/\/alarme-sans-abonnement.alarm-kit.com\/wp-content\/uploads\/2024\/10\/alarme-sans-abonnement-cube-wifi-standard-768x768.jpg",768,768,true],"large":["https:\/\/alarme-sans-abonnement.alarm-kit.com\/wp-content\/uploads\/2024\/10\/alarme-sans-abonnement-cube-wifi-standard-1024x1024.jpg",1024,1024,true],"1536x1536":["https:\/\/alarme-sans-abonnement.alarm-kit.com\/wp-content\/uploads\/2024\/10\/alarme-sans-abonnement-cube-wifi-standard-1536x1536.jpg",1536,1536,true],"2048x2048":["https:\/\/alarme-sans-abonnement.alarm-kit.com\/wp-content\/uploads\/2024\/10\/alarme-sans-abonnement-cube-wifi-standard-2048x2048.jpg",2048,2048,true],"trp-custom-language-flag":["https:\/\/alarme-sans-abonnement.alarm-kit.com\/wp-content\/uploads\/2024\/10\/alarme-sans-abonnement-cube-wifi-standard-12x12.jpg",12,12,true],"woocommerce_thumbnail":["https:\/\/alarme-sans-abonnement.alarm-kit.com\/wp-content\/uploads\/2024\/10\/alarme-sans-abonnement-cube-wifi-standard-300x300.jpg",300,300,true],"woocommerce_single":["https:\/\/alarme-sans-abonnement.alarm-kit.com\/wp-content\/uploads\/2024\/10\/alarme-sans-abonnement-cube-wifi-standard-600x600.jpg",600,600,true],"woocommerce_gallery_thumbnail":["https:\/\/alarme-sans-abonnement.alarm-kit.com\/wp-content\/uploads\/2024\/10\/alarme-sans-abonnement-cube-wifi-standard-100x100.jpg",100,100,true]},"uagb_author_info":{"display_name":"alarme-sans-abonnement.alarm-kit.com","author_link":"https:\/\/alarme-sans-abonnement.alarm-kit.com\/es\/author\/"},"uagb_comment_info":0,"uagb_excerpt":"Offrez-vous la tranquillit\u00e9 d\u2019esprit avec le\u00a0Kit d\u2019Alarme CUBE Standard incluant:","jetpack_sharing_enabled":true,"_links":{"self":[{"href":"https:\/\/alarme-sans-abonnement.alarm-kit.com\/es\/wp-json\/wp\/v2\/product\/3277","targetHints":{"allow":["GET"]}}],"collection":[{"href":"https:\/\/alarme-sans-abonnement.alarm-kit.com\/es\/wp-json\/wp\/v2\/product"}],"about":[{"href":"https:\/\/alarme-sans-abonnement.alarm-kit.com\/es\/wp-json\/wp\/v2\/types\/product"}],"wp:featuredmedia":[{"embeddable":true,"href":"https:\/\/alarme-sans-abonnement.alarm-kit.com\/es\/wp-json\/wp\/v2\/media\/3521"}],"wp:attachment":[{"href":"https:\/\/alarme-sans-abonnement.alarm-kit.com\/es\/wp-json\/wp\/v2\/media?parent=3277"}],"wp:term":[{"taxonomy":"product_brand","embeddable":true,"href":"https:\/\/alarme-sans-abonnement.alarm-kit.com\/es\/wp-json\/wp\/v2\/product_brand?post=3277"},{"taxonomy":"product_cat","embeddable":true,"href":"https:\/\/alarme-sans-abonnement.alarm-kit.com\/es\/wp-json\/wp\/v2\/product_cat?post=3277"},{"taxonomy":"product_tag","embeddable":true,"href":"https:\/\/alarme-sans-abonnement.alarm-kit.com\/es\/wp-json\/wp\/v2\/product_tag?post=3277"}],"curies":[{"name":"wp","href":"https:\/\/api.w.org\/{rel}","templated":true}]}}