{"id":1210,"date":"2020-02-17T09:57:10","date_gmt":"2020-02-17T09:57:10","guid":{"rendered":"https:\/\/alarme-sans-abonnement.alarm-kit.com\/?product=dark-grey-jeans"},"modified":"2024-11-09T19:59:04","modified_gmt":"2024-11-09T18:59:04","slug":"alarme-wifi","status":"publish","type":"product","link":"https:\/\/alarme-sans-abonnement.alarm-kit.com\/es\/store\/alarma-sin-permanencia-sin-cuotas\/alarme-wifi\/","title":{"rendered":"Seguridad a toda prueba con el sistema de alarma Standy WiFi + 4G sin suscripci\u00f3n"},"content":{"rendered":"<h3>Seguridad a toda prueba con el sistema de alarma sin suscripci\u00f3n WiFi y 4G<\/h3>\n<h4>Protecci\u00f3n total para su hogar<\/h4>\n<p>Qu\u00e9dese tranquilo con el<strong>Alarma inal\u00e1mbrica Wifi \/4G+ STANDY<\/strong>. Garantice la seguridad de su hogar con un sistema de alarma WiFi. Con tecnolog\u00eda de vanguardia y funciones avanzadas, este sistema ofrece vigilancia las 24 horas del d\u00eda, los 7 d\u00edas de la semana, proporcion\u00e1ndole una tranquilidad inigualable. Equipado con sensores ultrasensibles y conectividad WiFi fiable, detecta inmediatamente cualquier intrusi\u00f3n o movimiento sospechoso. No deje nada al azar y proteja lo que es importante para usted.<\/p>\n<h4>F\u00e1cil instalaci\u00f3n y control inteligente<\/h4>\n<p>Simplifique su vida con la instalaci\u00f3n r\u00e1pida e intuitiva del sistema de alarma STANDY. Dise\u00f1ado para ponerse en marcha en cuesti\u00f3n de minutos, es ideal para pisos y casas. Adem\u00e1s, gracias a su sencilla aplicaci\u00f3n m\u00f3vil, podr\u00e1 supervisar y controlar su sistema de seguridad a distancia, est\u00e9 donde est\u00e9. Recibe alertas en tiempo real y ajusta la configuraci\u00f3n con unos pocos clics para una seguridad personalizada.<\/p>\n<p><img loading=\"lazy\" decoding=\"async\" class=\"aligncenter wp-image-3032 size-full\" src=\"https:\/\/alarme-sans-abonnement.alarm-kit.com\/wp-content\/uploads\/2020\/02\/galerie-alarm-kit-1.png\" alt=\"4g alarma de casa\" width=\"2000\" height=\"960\" srcset=\"https:\/\/alarme-sans-abonnement.alarm-kit.com\/wp-content\/uploads\/2020\/02\/galerie-alarm-kit-1.png 2000w, https:\/\/alarme-sans-abonnement.alarm-kit.com\/wp-content\/uploads\/2020\/02\/galerie-alarm-kit-1-300x144.png 300w, https:\/\/alarme-sans-abonnement.alarm-kit.com\/wp-content\/uploads\/2020\/02\/galerie-alarm-kit-1-1024x492.png 1024w, https:\/\/alarme-sans-abonnement.alarm-kit.com\/wp-content\/uploads\/2020\/02\/galerie-alarm-kit-1-768x369.png 768w, https:\/\/alarme-sans-abonnement.alarm-kit.com\/wp-content\/uploads\/2020\/02\/galerie-alarm-kit-1-1536x737.png 1536w, https:\/\/alarme-sans-abonnement.alarm-kit.com\/wp-content\/uploads\/2020\/02\/galerie-alarm-kit-1-18x9.png 18w, https:\/\/alarme-sans-abonnement.alarm-kit.com\/wp-content\/uploads\/2020\/02\/galerie-alarm-kit-1-600x288.png 600w\" sizes=\"auto, (max-width: 2000px) 100vw, 2000px\" \/><\/p>\n<h4>Dise\u00f1o discreto y alto rendimiento<\/h4>\n<p>El sistema de alarma sin suscripci\u00f3n STANDY WiFi + 4G presenta un dise\u00f1o elegante y discreto que combina a la perfecci\u00f3n con cualquier interior sin comprometer la decoraci\u00f3n de su hogar. Su alto rendimiento y durabilidad hacen de este sistema una sabia elecci\u00f3n para una protecci\u00f3n duradera. Invierte en tranquilidad con un producto que combina est\u00e9tica y tecnolog\u00eda de vanguardia para un entorno seguro.<\/p>\n<p><img loading=\"lazy\" decoding=\"async\" class=\"aligncenter wp-image-3031 size-full\" src=\"https:\/\/alarme-sans-abonnement.alarm-kit.com\/wp-content\/uploads\/2020\/02\/galerie-STANDY-alarm-kit-banner.png\" alt=\"dise\u00f1o 4g wifi alarma\" width=\"2000\" height=\"960\" srcset=\"https:\/\/alarme-sans-abonnement.alarm-kit.com\/wp-content\/uploads\/2020\/02\/galerie-STANDY-alarm-kit-banner.png 2000w, https:\/\/alarme-sans-abonnement.alarm-kit.com\/wp-content\/uploads\/2020\/02\/galerie-STANDY-alarm-kit-banner-300x144.png 300w, https:\/\/alarme-sans-abonnement.alarm-kit.com\/wp-content\/uploads\/2020\/02\/galerie-STANDY-alarm-kit-banner-1024x492.png 1024w, https:\/\/alarme-sans-abonnement.alarm-kit.com\/wp-content\/uploads\/2020\/02\/galerie-STANDY-alarm-kit-banner-768x369.png 768w, https:\/\/alarme-sans-abonnement.alarm-kit.com\/wp-content\/uploads\/2020\/02\/galerie-STANDY-alarm-kit-banner-1536x737.png 1536w, https:\/\/alarme-sans-abonnement.alarm-kit.com\/wp-content\/uploads\/2020\/02\/galerie-STANDY-alarm-kit-banner-18x9.png 18w, https:\/\/alarme-sans-abonnement.alarm-kit.com\/wp-content\/uploads\/2020\/02\/galerie-STANDY-alarm-kit-banner-600x288.png 600w\" sizes=\"auto, (max-width: 2000px) 100vw, 2000px\" \/><\/p>\n<h4>Control inteligente y personalizado<\/h4>\n<p>Gracias a la aplicaci\u00f3n Tuya o Smart Life, disponible en iOS y Android, la <strong>Kit de alarma inal\u00e1mbrica Wifi y 4G<\/strong>\u00a0le permite personalizar los ajustes de seguridad para adaptarlos a sus necesidades espec\u00edficas. Reciba notificaciones instant\u00e1neas en su smartphone si se detecta un intruso o un movimiento sospechoso. Adem\u00e1s, la posibilidad de conectar varios accesorios adicionales, como c\u00e1maras de vigilancia y detectores de humo, hace que este kit sea extremadamente adaptable y actualizable. Disfrute de la tranquilidad de saber que puede supervisar y controlar su seguridad con solo tocar con un dedo.<\/p>\n<h4>Dise\u00f1o discreto<\/h4>\n<p>Le <strong>Kit de alarma inal\u00e1mbrico Wifi + 4G <\/strong>se distingue por su dise\u00f1o compacto y discreto, que se integra perfectamente en cualquier decoraci\u00f3n sin llamar la atenci\u00f3n. La instalaci\u00f3n es un juego de ni\u00f1os: coloque los detectores y sensores inal\u00e1mbricos en lugares estrat\u00e9gicos de su casa u oficina, con\u00e9ctelos a la aplicaci\u00f3n gratuita Tuya o Smart Life, y voil\u00e0, su sistema de seguridad estar\u00e1 listo para funcionar. Con una bater\u00eda de larga duraci\u00f3n de 1500 mAh, no tendr\u00e1 que preocuparse por los cortes de corriente. Proteger tu espacio nunca ha sido tan f\u00e1cil y elegante.<\/p>\n<p><img loading=\"lazy\" decoding=\"async\" class=\"alignnone size-full wp-image-3008\" src=\"https:\/\/alarme-sans-abonnement.alarm-kit.com\/wp-content\/uploads\/2020\/02\/Smart-life-logo-2.avif\" alt=\"\" width=\"262\" height=\"90\" srcset=\"https:\/\/alarme-sans-abonnement.alarm-kit.com\/wp-content\/uploads\/2020\/02\/Smart-life-logo-2.avif 262w, https:\/\/alarme-sans-abonnement.alarm-kit.com\/wp-content\/uploads\/2020\/02\/Smart-life-logo-2-18x6.avif 18w\" sizes=\"auto, (max-width: 262px) 100vw, 262px\" \/> <img loading=\"lazy\" decoding=\"async\" class=\"alignnone size-full wp-image-3009\" src=\"https:\/\/alarme-sans-abonnement.alarm-kit.com\/wp-content\/uploads\/2020\/02\/Tuya-logo-2.avif\" alt=\"\" width=\"262\" height=\"90\" srcset=\"https:\/\/alarme-sans-abonnement.alarm-kit.com\/wp-content\/uploads\/2020\/02\/Tuya-logo-2.avif 262w, https:\/\/alarme-sans-abonnement.alarm-kit.com\/wp-content\/uploads\/2020\/02\/Tuya-logo-2-18x6.avif 18w\" sizes=\"auto, (max-width: 262px) 100vw, 262px\" \/> <img loading=\"lazy\" decoding=\"async\" class=\"alignnone size-full wp-image-3007\" src=\"https:\/\/alarme-sans-abonnement.alarm-kit.com\/wp-content\/uploads\/2020\/02\/google-assistant-logo-2.avif\" alt=\"\" width=\"262\" height=\"90\" srcset=\"https:\/\/alarme-sans-abonnement.alarm-kit.com\/wp-content\/uploads\/2020\/02\/google-assistant-logo-2.avif 262w, https:\/\/alarme-sans-abonnement.alarm-kit.com\/wp-content\/uploads\/2020\/02\/google-assistant-logo-2-18x6.avif 18w\" sizes=\"auto, (max-width: 262px) 100vw, 262px\" \/> <img loading=\"lazy\" decoding=\"async\" class=\"alignnone size-full wp-image-3006\" src=\"https:\/\/alarme-sans-abonnement.alarm-kit.com\/wp-content\/uploads\/2020\/02\/amazon-alexa-logo-2.avif\" alt=\"\" width=\"262\" height=\"90\" srcset=\"https:\/\/alarme-sans-abonnement.alarm-kit.com\/wp-content\/uploads\/2020\/02\/amazon-alexa-logo-2.avif 262w, https:\/\/alarme-sans-abonnement.alarm-kit.com\/wp-content\/uploads\/2020\/02\/amazon-alexa-logo-2-18x6.avif 18w\" sizes=\"auto, (max-width: 262px) 100vw, 262px\" \/><\/p>\n<p><img loading=\"lazy\" decoding=\"async\" class=\"aligncenter wp-image-3030 size-full\" src=\"https:\/\/alarme-sans-abonnement.alarm-kit.com\/wp-content\/uploads\/2020\/02\/standy-alarme-alarm-kit.png\" alt=\"alarma conectada\" width=\"2000\" height=\"960\" srcset=\"https:\/\/alarme-sans-abonnement.alarm-kit.com\/wp-content\/uploads\/2020\/02\/standy-alarme-alarm-kit.png 2000w, https:\/\/alarme-sans-abonnement.alarm-kit.com\/wp-content\/uploads\/2020\/02\/standy-alarme-alarm-kit-300x144.png 300w, https:\/\/alarme-sans-abonnement.alarm-kit.com\/wp-content\/uploads\/2020\/02\/standy-alarme-alarm-kit-1024x492.png 1024w, https:\/\/alarme-sans-abonnement.alarm-kit.com\/wp-content\/uploads\/2020\/02\/standy-alarme-alarm-kit-768x369.png 768w, https:\/\/alarme-sans-abonnement.alarm-kit.com\/wp-content\/uploads\/2020\/02\/standy-alarme-alarm-kit-1536x737.png 1536w, https:\/\/alarme-sans-abonnement.alarm-kit.com\/wp-content\/uploads\/2020\/02\/standy-alarme-alarm-kit-18x9.png 18w, https:\/\/alarme-sans-abonnement.alarm-kit.com\/wp-content\/uploads\/2020\/02\/standy-alarme-alarm-kit-600x288.png 600w\" sizes=\"auto, (max-width: 2000px) 100vw, 2000px\" \/><\/p>\n<p><strong>Especificaciones t\u00e9cnicas:<br \/>\n<\/strong>Tipo de transmisi\u00f3n: Wi-Fi 2,4Ghz IEEE802.11b\/g\/n<br \/>\nCompatible con tarjeta SIM 4G: S\u00ed, STANDY con la opci\u00f3n de la versi\u00f3n 4G+ y la adici\u00f3n de una tarjeta SIM. <a title=\"4G SIM para alarma sin suscripci\u00f3n\" href=\"https:\/\/alarme-sans-abonnement.alarm-kit.com\/store\/sim-alarme\/sim-alarme-sans-abonnement\/\" target=\"_blank\" rel=\"noopener\">SIM M2M para alarma<\/a><br \/>\nTecnolog\u00eda de control inal\u00e1mbrico: mando a distancia por radiofrecuencia, aplicaci\u00f3n gratuita<br \/>\nSirena de alarma: Integrada 115 decibelios<br \/>\nAplicaciones compatibles: Smart Life, Tuya, Google Assistant, Amazon Alexa<br \/>\nAccesorios compatibles: &gt; 200<br \/>\nFrecuencia(s) de transmisi\u00f3n: 433 Mhz, eV1527<br \/>\nDimensiones (L x A x A): 120 x 105 x 15,5 mm \/ 4,7\u2033 x 4,1\u2033 x 0,61\u2033 Pulgadas<br \/>\nPeso (con pilas): 183 g<br \/>\nColor: blanco y negro<br \/>\nFuente de alimentaci\u00f3n (bater\u00eda): DC3.7V USB Micro<br \/>\nDuraci\u00f3n de la bater\u00eda: 12H de media, 1500mAh \/ 110min de autonom\u00eda<br \/>\nIndicadores de estado: pantalla t\u00e1ctil en color IPS de 109 mm \/ 4,3 pulgadas<br \/>\nInstalaci\u00f3n de la unidad de control: Sobre una superficie plana o fijada a una pared\/mueble (tornillos incluidos).<\/p>","protected":false},"excerpt":{"rendered":"<h3>Seguridad a toda prueba con el sistema de alarma sin suscripci\u00f3n WiFi y 4G<\/h3>\n<h4>Protecci\u00f3n total para su hogar<\/h4>\n<p>Qu\u00e9dese tranquilo con el <strong>Kit de alarma inal\u00e1mbrico STANDY Wifi + 4G<\/strong>. Garantiza la seguridad de tu hogar con el sistema de alarma WiFi y 4G. Con tecnolog\u00eda de vanguardia y funciones avanzadas, este sistema ofrece vigilancia las 24 horas del d\u00eda, los 7 d\u00edas de la semana, proporcion\u00e1ndole una tranquilidad inigualable. Equipado con sensores ultrasensibles y conectividad WiFi fiable, detecta inmediatamente cualquier intrusi\u00f3n o movimiento sospechoso. No dejes nada al azar y protege lo que es importante para ti.<\/p>","protected":false},"featured_media":2936,"template":"","meta":{"_uag_custom_page_level_css":"","site-sidebar-layout":"default","site-content-layout":"default","ast-site-content-layout":"default","site-content-style":"default","site-sidebar-style":"default","ast-global-header-display":"","ast-banner-title-visibility":"","ast-main-header-display":"","ast-hfb-above-header-display":"","ast-hfb-below-header-display":"","ast-hfb-mobile-header-display":"","site-post-title":"","ast-breadcrumbs-content":"","ast-featured-img":"","footer-sml-layout":"","theme-transparent-header-meta":"default","adv-header-id-meta":"","stick-header-meta":"default","header-above-stick-meta":"","header-main-stick-meta":"","header-below-stick-meta":"","astra-migrate-meta-layouts":"set","ast-page-background-enabled":"default","ast-page-background-meta":{"desktop":{"background-color":"","background-image":"","background-repeat":"repeat","background-position":"center center","background-size":"auto","background-attachment":"scroll","background-type":"","background-media":"","overlay-type":"","overlay-color":"","overlay-opacity":"","overlay-gradient":""},"tablet":{"background-color":"","background-image":"","background-repeat":"repeat","background-position":"center center","background-size":"auto","background-attachment":"scroll","background-type":"","background-media":"","overlay-type":"","overlay-color":"","overlay-opacity":"","overlay-gradient":""},"mobile":{"background-color":"","background-image":"","background-repeat":"repeat","background-position":"center center","background-size":"auto","background-attachment":"scroll","background-type":"","background-media":"","overlay-type":"","overlay-color":"","overlay-opacity":"","overlay-gradient":""}},"ast-content-background-meta":{"desktop":{"background-color":"var(--ast-global-color-5)","background-image":"","background-repeat":"repeat","background-position":"center center","background-size":"auto","background-attachment":"scroll","background-type":"","background-media":"","overlay-type":"","overlay-color":"","overlay-opacity":"","overlay-gradient":""},"tablet":{"background-color":"var(--ast-global-color-5)","background-image":"","background-repeat":"repeat","background-position":"center center","background-size":"auto","background-attachment":"scroll","background-type":"","background-media":"","overlay-type":"","overlay-color":"","overlay-opacity":"","overlay-gradient":""},"mobile":{"background-color":"var(--ast-global-color-5)","background-image":"","background-repeat":"repeat","background-position":"center center","background-size":"auto","background-attachment":"scroll","background-type":"","background-media":"","overlay-type":"","overlay-color":"","overlay-opacity":"","overlay-gradient":""}}},"product_brand":[],"product_cat":[15,34,43],"product_tag":[],"class_list":{"0":"post-1210","1":"product","2":"type-product","3":"status-publish","4":"has-post-thumbnail","6":"product_cat-alarme-sans-abonnement","7":"product_cat-alarme-maison","8":"product_cat-alarme-entreprise","9":"desktop-align-left","10":"tablet-align-left","11":"mobile-align-left","12":"ast-product-gallery-layout-vertical-slider","13":"ast-product-tabs-layout-horizontal","14":"ast-qv-on-image","16":"first","17":"instock","18":"sale","19":"taxable","20":"shipping-taxable","21":"purchasable","22":"product-type-simple"},"aioseo_notices":[],"uagb_featured_image_src":{"full":["https:\/\/alarme-sans-abonnement.alarm-kit.com\/wp-content\/uploads\/2024\/06\/systeme-alarme-maison-4g-blank.jpg",2000,2000,false],"thumbnail":["https:\/\/alarme-sans-abonnement.alarm-kit.com\/wp-content\/uploads\/2024\/06\/systeme-alarme-maison-4g-blank-150x150.jpg",150,150,true],"medium":["https:\/\/alarme-sans-abonnement.alarm-kit.com\/wp-content\/uploads\/2024\/06\/systeme-alarme-maison-4g-blank-300x300.jpg",300,300,true],"medium_large":["https:\/\/alarme-sans-abonnement.alarm-kit.com\/wp-content\/uploads\/2024\/06\/systeme-alarme-maison-4g-blank-768x768.jpg",768,768,true],"large":["https:\/\/alarme-sans-abonnement.alarm-kit.com\/wp-content\/uploads\/2024\/06\/systeme-alarme-maison-4g-blank-1024x1024.jpg",1024,1024,true],"1536x1536":["https:\/\/alarme-sans-abonnement.alarm-kit.com\/wp-content\/uploads\/2024\/06\/systeme-alarme-maison-4g-blank-1536x1536.jpg",1536,1536,true],"2048x2048":["https:\/\/alarme-sans-abonnement.alarm-kit.com\/wp-content\/uploads\/2024\/06\/systeme-alarme-maison-4g-blank.jpg",2000,2000,false],"trp-custom-language-flag":["https:\/\/alarme-sans-abonnement.alarm-kit.com\/wp-content\/uploads\/2024\/06\/systeme-alarme-maison-4g-blank-12x12.jpg",12,12,true],"woocommerce_thumbnail":["https:\/\/alarme-sans-abonnement.alarm-kit.com\/wp-content\/uploads\/2024\/06\/systeme-alarme-maison-4g-blank-300x300.jpg",300,300,true],"woocommerce_single":["https:\/\/alarme-sans-abonnement.alarm-kit.com\/wp-content\/uploads\/2024\/06\/systeme-alarme-maison-4g-blank-600x600.jpg",600,600,true],"woocommerce_gallery_thumbnail":["https:\/\/alarme-sans-abonnement.alarm-kit.com\/wp-content\/uploads\/2024\/06\/systeme-alarme-maison-4g-blank-100x100.jpg",100,100,true]},"uagb_author_info":{"display_name":"alarme-sans-abonnement.alarm-kit.com","author_link":"https:\/\/alarme-sans-abonnement.alarm-kit.com\/es\/author\/"},"uagb_comment_info":0,"uagb_excerpt":"S\u00e9curit\u00e9 \u00e0 Toute \u00c9preuve avec le Syst\u00e8me d'Alarme Sans Abonnement WiFi et 4G Protection Totale pour Votre Maison Offrez-vous la tranquillit\u00e9 d'esprit avec le Kit d'Alarme Sans Fil STANDY Wifi + 4G. Garantissez la s\u00e9curit\u00e9 de votre domicile avec le syst\u00e8me d'alarme WiFi et 4G. Avec une technologie de pointe et des fonctionnalit\u00e9s avanc\u00e9es, ce&hellip;","jetpack_sharing_enabled":true,"_links":{"self":[{"href":"https:\/\/alarme-sans-abonnement.alarm-kit.com\/es\/wp-json\/wp\/v2\/product\/1210","targetHints":{"allow":["GET"]}}],"collection":[{"href":"https:\/\/alarme-sans-abonnement.alarm-kit.com\/es\/wp-json\/wp\/v2\/product"}],"about":[{"href":"https:\/\/alarme-sans-abonnement.alarm-kit.com\/es\/wp-json\/wp\/v2\/types\/product"}],"wp:featuredmedia":[{"embeddable":true,"href":"https:\/\/alarme-sans-abonnement.alarm-kit.com\/es\/wp-json\/wp\/v2\/media\/2936"}],"wp:attachment":[{"href":"https:\/\/alarme-sans-abonnement.alarm-kit.com\/es\/wp-json\/wp\/v2\/media?parent=1210"}],"wp:term":[{"taxonomy":"product_brand","embeddable":true,"href":"https:\/\/alarme-sans-abonnement.alarm-kit.com\/es\/wp-json\/wp\/v2\/product_brand?post=1210"},{"taxonomy":"product_cat","embeddable":true,"href":"https:\/\/alarme-sans-abonnement.alarm-kit.com\/es\/wp-json\/wp\/v2\/product_cat?post=1210"},{"taxonomy":"product_tag","embeddable":true,"href":"https:\/\/alarme-sans-abonnement.alarm-kit.com\/es\/wp-json\/wp\/v2\/product_tag?post=1210"}],"curies":[{"name":"wp","href":"https:\/\/api.w.org\/{rel}","templated":true}]}}