{"id":1208,"date":"2020-02-17T09:57:08","date_gmt":"2020-02-17T09:57:08","guid":{"rendered":"https:\/\/alarme-sans-abonnement.alarm-kit.com\/?product=faint-blue-jeans"},"modified":"2024-11-04T19:50:04","modified_gmt":"2024-11-04T18:50:04","slug":"badge-rfid-alarme-sans-abonnement","status":"publish","type":"product","link":"https:\/\/alarme-sans-abonnement.alarm-kit.com\/es\/store\/alarma-sin-permanencia-sin-cuotas\/alarma-de-credencial-rfid-sin-suscripcion\/","title":{"rendered":"Identificador RFID para centrales de alarma y puntos de acceso"},"content":{"rendered":"<p><strong>Identificaci\u00f3n autom\u00e1tica y segura con un solo gesto<\/strong><br \/>\nSimplifique su vida con este distintivo de proximidad RFID para alarmas. Este peque\u00f1o y discreto accesorio utiliza tecnolog\u00eda de radiofrecuencia para una identificaci\u00f3n autom\u00e1tica sin esfuerzo. Se acabaron las b\u00fasquedas interminables de llaves o tarjetas de identificaci\u00f3n. Todo lo que tiene que hacer es acercar su llavero al transmisor y ser\u00e1 identificado al instante. Esta etiqueta RFID pasiva no necesita pilas: se activa al recibir un pulso d\u00e9bil y devuelve su c\u00f3digo \u00fanico para una experiencia sin estr\u00e9s. Ideal para lugares de trabajo, residencias seguras o lugares que requieran un control de acceso r\u00e1pido y seguro.<\/p>\n<p><strong>Tecnolog\u00eda RFID fiable y sin pilas<\/strong><br \/>\nEste llavero RFID est\u00e1 dise\u00f1ado para durar, gracias a su tecnolog\u00eda pasiva y a que no necesita pilas. Funciona a una frecuencia de 125 kHz y obtiene su energ\u00eda de un impulso electromagn\u00e9tico cuando lo acerca a un lector RFID compatible. Esta innovaci\u00f3n tecnol\u00f3gica garantiza un uso fiable y duradero sin necesidad de una fuente de alimentaci\u00f3n adicional. Tanto si la utiliza a diario como si le da un uso intensivo, esta etiqueta resistir\u00e1 el paso del tiempo sin fallar nunca.<\/p>\n<p><strong>Dise\u00f1o compacto y pr\u00e1ctico para un confort \u00f3ptimo<\/strong><br \/>\nCon su formato de llavero y su resistente carcasa de pl\u00e1stico, esta etiqueta RFID se desliza f\u00e1cilmente en su bolsillo o se engancha a su manojo de llaves. Las resistentes anillas met\u00e1licas garantizan una fijaci\u00f3n duradera, evitando p\u00e9rdidas y facilitando un acceso r\u00e1pido. Este formato ergon\u00f3mico hace que la identificaci\u00f3n sea a la vez discreta y eficaz, perfecta para los usuarios que buscan un producto que combine la funcionalidad con la elegancia cotidiana.<\/p>\n<h4>Especificaciones del producto<\/h4>\n<ul>\n<li><strong>Nombre del producto<\/strong> Insignia RFID para panel de control de alarma y punto de acceso\/panel t\u00e1ctil RFID<\/li>\n<li><strong>Frecuencia de funcionamiento<\/strong> 125 KHz<\/li>\n<li><strong>\u00c1mbito de aplicaci\u00f3n<\/strong> : Alquileres \/ Comunidades \/ Entrada casa \/ Entrada oficina<\/li>\n<li><strong>Temperatura de funcionamiento<\/strong> : -40\u00b0C a 55\u00b0C, Impermeable (Ideal para alojamientos de temporada como Airbnb)<\/li>\n<li><strong>Material de embalaje<\/strong> ABS, PVC, PET<\/li>\n<li><strong>Distancia de detecci\u00f3n<\/strong> De 2 a 5 cm (seg\u00fan el lector de tarjetas)<\/li>\n<li><strong>Tarjeta RFID<\/strong> Se pueden a\u00f1adir hasta 10 tarjetas a la central de alarma.<\/li>\n<li><strong>Protocolo RFID<\/strong> 125 KHz, 4100\/4200<\/li>\n<li><strong>Dimensiones del producto<\/strong> 35 \u00d7 35 \u00d7 4 mm<\/li>\n<\/ul>","protected":false},"excerpt":{"rendered":"<p>Descubre nuestra <strong>Alarma RFID 125 KHz<\/strong>Una herramienta de seguridad fiable y pr\u00e1ctica, ideal para el acceso seguro en alquileres de Airbnb, comunidades o entradas de viviendas. Dise\u00f1ada para funcionar en condiciones extremas, de -40 \u00b0C a 55 \u00b0C, esta placa resiste los entornos m\u00e1s exigentes. Fabricada con materiales duraderos (ABS, PVC, PET\/IP65 impermeable), ofrece una larga vida \u00fatil.<\/p>\n<p>Este distintivo RFID tiene un alcance de detecci\u00f3n de 2 a 5 cm, apto para lectores de proximidad, y sigue los protocolos RFID 4100\/4200 para una compatibilidad \u00f3ptima. Compacta, con unas dimensiones de 35 \u00d7 35 \u00d7 4 mm, puede utilizarse en el llavero, con hasta 10 tarjetas por alarma, para una gesti\u00f3n flexible de los accesos.<\/p>","protected":false},"featured_media":3275,"template":"","meta":{"_uag_custom_page_level_css":"","site-sidebar-layout":"default","site-content-layout":"default","ast-site-content-layout":"default","site-content-style":"default","site-sidebar-style":"default","ast-global-header-display":"","ast-banner-title-visibility":"","ast-main-header-display":"","ast-hfb-above-header-display":"","ast-hfb-below-header-display":"","ast-hfb-mobile-header-display":"","site-post-title":"","ast-breadcrumbs-content":"","ast-featured-img":"","footer-sml-layout":"","theme-transparent-header-meta":"default","adv-header-id-meta":"","stick-header-meta":"default","header-above-stick-meta":"","header-main-stick-meta":"","header-below-stick-meta":"","astra-migrate-meta-layouts":"set","ast-page-background-enabled":"default","ast-page-background-meta":{"desktop":{"background-color":"","background-image":"","background-repeat":"repeat","background-position":"center center","background-size":"auto","background-attachment":"scroll","background-type":"","background-media":"","overlay-type":"","overlay-color":"","overlay-opacity":"","overlay-gradient":""},"tablet":{"background-color":"","background-image":"","background-repeat":"repeat","background-position":"center center","background-size":"auto","background-attachment":"scroll","background-type":"","background-media":"","overlay-type":"","overlay-color":"","overlay-opacity":"","overlay-gradient":""},"mobile":{"background-color":"","background-image":"","background-repeat":"repeat","background-position":"center center","background-size":"auto","background-attachment":"scroll","background-type":"","background-media":"","overlay-type":"","overlay-color":"","overlay-opacity":"","overlay-gradient":""}},"ast-content-background-meta":{"desktop":{"background-color":"var(--ast-global-color-5)","background-image":"","background-repeat":"repeat","background-position":"center center","background-size":"auto","background-attachment":"scroll","background-type":"","background-media":"","overlay-type":"","overlay-color":"","overlay-opacity":"","overlay-gradient":""},"tablet":{"background-color":"var(--ast-global-color-5)","background-image":"","background-repeat":"repeat","background-position":"center center","background-size":"auto","background-attachment":"scroll","background-type":"","background-media":"","overlay-type":"","overlay-color":"","overlay-opacity":"","overlay-gradient":""},"mobile":{"background-color":"var(--ast-global-color-5)","background-image":"","background-repeat":"repeat","background-position":"center center","background-size":"auto","background-attachment":"scroll","background-type":"","background-media":"","overlay-type":"","overlay-color":"","overlay-opacity":"","overlay-gradient":""}}},"product_brand":[],"product_cat":[15,34,43,36],"product_tag":[],"class_list":{"0":"post-1208","1":"product","2":"type-product","3":"status-publish","4":"has-post-thumbnail","6":"product_cat-alarme-sans-abonnement","7":"product_cat-alarme-maison","8":"product_cat-alarme-entreprise","9":"product_cat-detecteur","10":"desktop-align-left","11":"tablet-align-left","12":"mobile-align-left","13":"ast-product-gallery-layout-vertical-slider","14":"ast-product-gallery-with-no-image","15":"ast-product-tabs-layout-horizontal","16":"ast-qv-on-image","18":"first","19":"instock","20":"sale","21":"taxable","22":"shipping-taxable","23":"purchasable","24":"product-type-simple"},"aioseo_notices":[],"uagb_featured_image_src":{"full":["https:\/\/alarme-sans-abonnement.alarm-kit.com\/wp-content\/uploads\/2020\/02\/badge-alarme-rfid.png",1000,1000,false],"thumbnail":["https:\/\/alarme-sans-abonnement.alarm-kit.com\/wp-content\/uploads\/2020\/02\/badge-alarme-rfid-150x150.png",150,150,true],"medium":["https:\/\/alarme-sans-abonnement.alarm-kit.com\/wp-content\/uploads\/2020\/02\/badge-alarme-rfid-300x300.png",300,300,true],"medium_large":["https:\/\/alarme-sans-abonnement.alarm-kit.com\/wp-content\/uploads\/2020\/02\/badge-alarme-rfid-768x768.png",768,768,true],"large":["https:\/\/alarme-sans-abonnement.alarm-kit.com\/wp-content\/uploads\/2020\/02\/badge-alarme-rfid.png",1000,1000,false],"1536x1536":["https:\/\/alarme-sans-abonnement.alarm-kit.com\/wp-content\/uploads\/2020\/02\/badge-alarme-rfid.png",1000,1000,false],"2048x2048":["https:\/\/alarme-sans-abonnement.alarm-kit.com\/wp-content\/uploads\/2020\/02\/badge-alarme-rfid.png",1000,1000,false],"trp-custom-language-flag":["https:\/\/alarme-sans-abonnement.alarm-kit.com\/wp-content\/uploads\/2020\/02\/badge-alarme-rfid-12x12.png",12,12,true],"woocommerce_thumbnail":["https:\/\/alarme-sans-abonnement.alarm-kit.com\/wp-content\/uploads\/2020\/02\/badge-alarme-rfid-300x300.png",300,300,true],"woocommerce_single":["https:\/\/alarme-sans-abonnement.alarm-kit.com\/wp-content\/uploads\/2020\/02\/badge-alarme-rfid-600x600.png",600,600,true],"woocommerce_gallery_thumbnail":["https:\/\/alarme-sans-abonnement.alarm-kit.com\/wp-content\/uploads\/2020\/02\/badge-alarme-rfid-100x100.png",100,100,true]},"uagb_author_info":{"display_name":"alarme-sans-abonnement.alarm-kit.com","author_link":"https:\/\/alarme-sans-abonnement.alarm-kit.com\/es\/author\/"},"uagb_comment_info":0,"uagb_excerpt":"D\u00e9couvrez notre Badge Alarme RFID 125 KHz, un outil de s\u00e9curit\u00e9 fiable et pratique, id\u00e9al pour les acc\u00e8s s\u00e9curis\u00e9s dans les locations Airbnb, les communaut\u00e9s ou les entr\u00e9es de domicile. Con\u00e7ue pour fonctionner dans des conditions extr\u00eames, de -40\u00b0C \u00e0 55\u00b0C, ce badge r\u00e9siste aux environnements les plus exigeants. Fabriqu\u00e9 en mat\u00e9riaux durables (ABS, PVC,&hellip;","jetpack_sharing_enabled":true,"_links":{"self":[{"href":"https:\/\/alarme-sans-abonnement.alarm-kit.com\/es\/wp-json\/wp\/v2\/product\/1208","targetHints":{"allow":["GET"]}}],"collection":[{"href":"https:\/\/alarme-sans-abonnement.alarm-kit.com\/es\/wp-json\/wp\/v2\/product"}],"about":[{"href":"https:\/\/alarme-sans-abonnement.alarm-kit.com\/es\/wp-json\/wp\/v2\/types\/product"}],"wp:featuredmedia":[{"embeddable":true,"href":"https:\/\/alarme-sans-abonnement.alarm-kit.com\/es\/wp-json\/wp\/v2\/media\/3275"}],"wp:attachment":[{"href":"https:\/\/alarme-sans-abonnement.alarm-kit.com\/es\/wp-json\/wp\/v2\/media?parent=1208"}],"wp:term":[{"taxonomy":"product_brand","embeddable":true,"href":"https:\/\/alarme-sans-abonnement.alarm-kit.com\/es\/wp-json\/wp\/v2\/product_brand?post=1208"},{"taxonomy":"product_cat","embeddable":true,"href":"https:\/\/alarme-sans-abonnement.alarm-kit.com\/es\/wp-json\/wp\/v2\/product_cat?post=1208"},{"taxonomy":"product_tag","embeddable":true,"href":"https:\/\/alarme-sans-abonnement.alarm-kit.com\/es\/wp-json\/wp\/v2\/product_tag?post=1208"}],"curies":[{"name":"wp","href":"https:\/\/api.w.org\/{rel}","templated":true}]}}