{"id":1207,"date":"2020-02-17T09:57:07","date_gmt":"2020-02-17T09:57:07","guid":{"rendered":"https:\/\/alarme-sans-abonnement.alarm-kit.com\/?product=dnk-red-sports-shoes"},"modified":"2024-11-04T19:50:09","modified_gmt":"2024-11-04T18:50:09","slug":"detecteur-ouverture-porte-fenetre","status":"publish","type":"product","link":"https:\/\/alarme-sans-abonnement.alarm-kit.com\/es\/store\/sensor\/sensor-de-apertura-de-puertas-y-ventanas\/","title":{"rendered":"Detector de apertura de puertas y ventanas"},"content":{"rendered":"<h4>M\u00e1xima protecci\u00f3n para su hogar y su negocio<\/h4>\n<p>Con el sensor de apertura de puertas y ventanas conectado, se beneficiar\u00e1 de una mayor seguridad para su hogar. Este innovador sensor detecta cualquier intento de intrusi\u00f3n vigilando las aperturas de puertas y ventanas. En cuanto se detecta una anomal\u00eda, se activa una potente alarma que le avisa inmediatamente. Proteja su hogar y a sus seres queridos con este dispositivo fiable y f\u00e1cil de instalar. Ideal para pisos y casas, el sensor proporciona una tranquilidad inigualable, permitiendo que su familia se sienta segura tanto si est\u00e1 en casa como si no.<\/p>\n<h4>Instalaci\u00f3n sencilla y funcionamiento eficaz<\/h4>\n<p>Instalar el Connected Door Opener es un juego de ni\u00f1os. No hace falta ser un experto en bricolaje. Simplemente coloque el sensor donde desee y estar\u00e1 listo para funcionar. Gracias a su tecnolog\u00eda inal\u00e1mbrica, se integra de forma discreta y atractiva en su hogar. Adem\u00e1s, el sensor es compatible con la mayor\u00eda de los sistemas de alarma, lo que lo hace vers\u00e1til y adaptable a todo tipo de viviendas. Al optar por este sensor, estar\u00e1 eligiendo una soluci\u00f3n de seguridad eficaz y sin complicaciones, dise\u00f1ada para simplificar su vida cotidiana al tiempo que le proporciona una protecci\u00f3n \u00f3ptima.<\/p>\n<p><img loading=\"lazy\" decoding=\"async\" class=\"alignleft wp-image-2875\" src=\"https:\/\/alarme-sans-abonnement.alarm-kit.com\/wp-content\/uploads\/2020\/02\/Detecteur-porte-fenetre-5.jpeg\" alt=\"Sensor de apertura de puertas y ventanas\" width=\"800\" height=\"800\" srcset=\"https:\/\/alarme-sans-abonnement.alarm-kit.com\/wp-content\/uploads\/2020\/02\/Detecteur-porte-fenetre-5.jpeg 1000w, https:\/\/alarme-sans-abonnement.alarm-kit.com\/wp-content\/uploads\/2020\/02\/Detecteur-porte-fenetre-5-300x300.jpeg 300w, https:\/\/alarme-sans-abonnement.alarm-kit.com\/wp-content\/uploads\/2020\/02\/Detecteur-porte-fenetre-5-150x150.jpeg 150w, https:\/\/alarme-sans-abonnement.alarm-kit.com\/wp-content\/uploads\/2020\/02\/Detecteur-porte-fenetre-5-768x768.jpeg 768w, https:\/\/alarme-sans-abonnement.alarm-kit.com\/wp-content\/uploads\/2020\/02\/Detecteur-porte-fenetre-5-12x12.jpeg 12w, https:\/\/alarme-sans-abonnement.alarm-kit.com\/wp-content\/uploads\/2020\/02\/Detecteur-porte-fenetre-5-600x600.jpeg 600w, https:\/\/alarme-sans-abonnement.alarm-kit.com\/wp-content\/uploads\/2020\/02\/Detecteur-porte-fenetre-5-100x100.jpeg 100w\" sizes=\"auto, (max-width: 800px) 100vw, 800px\" \/><\/p>\n<h4>Tecnolog\u00eda punta y fiabilidad<\/h4>\n<p>El abrepuertas Connected cuenta con tecnolog\u00eda de vanguardia para una detecci\u00f3n r\u00e1pida y precisa. Su bater\u00eda de larga duraci\u00f3n le ofrece una protecci\u00f3n continua sin tener que preocuparse de sustituirla con frecuencia. Gracias a sus materiales de alta calidad y a su dise\u00f1o robusto, este sensor es duradero y resistente, incluso en las condiciones m\u00e1s exigentes. Elija la tranquilidad de un dispositivo de seguridad que combina innovaci\u00f3n, rendimiento y fiabilidad. Invertir en este sensor es garant\u00eda de seguridad duradera y protecci\u00f3n avanzada para su hogar.<\/p>\n<h3>Especificaciones t\u00e9cnicas del sensor de apertura<\/h3>\n<h4>Dise\u00f1ado para su seguridad y comodidad<\/h4>\n<p><strong>Finalidad: Puerta y ventana<\/strong> El sensor de apertura est\u00e1 especialmente dise\u00f1ado para puertas y ventanas, proporcionando una vigilancia precisa y fiable. Cualquier apertura no autorizada desencadena una se\u00f1al instant\u00e1nea transmitida a la central de alarma conectada, lo que le permite reaccionar r\u00e1pidamente.<\/p>\n<p><strong>Alimentaci\u00f3n principal: Pilas<\/strong> Alimentado por pilas, este sensor ofrece una instalaci\u00f3n flexible sin necesidad de complejos cableados. Puedes colocarlo donde lo necesites sin preocuparte por las tomas de corriente.<\/p>\n<p><strong>Dimensiones compactas<\/strong><\/p>\n<ul>\n<li><strong>Altura :<\/strong> 65 mm<\/li>\n<li><strong>Anchura :<\/strong> 25 mm<\/li>\n<li><strong>Longitud :<\/strong> 25 mm<\/li>\n<li><strong>Profundidad :<\/strong> 13 mm<\/li>\n<\/ul>\n<p>Gracias a sus dimensiones compactas, el sensor se integra discretamente en su entorno dom\u00e9stico, sin comprometer la est\u00e9tica de su hogar.<\/p>\n<p><strong>Pilas suministradas: S\u00ed<\/strong> Para una instalaci\u00f3n inmediata, el sensor viene con pilas. As\u00ed podr\u00e1s activar tu sistema de seguridad en cuanto lo recibas, sin tener que comprar nada extra.<\/p>\n<hr \/>\n<p>Invertir en el Sensor de Apertura para puertas y ventanas significa elegir una seguridad eficaz y sin concesiones para su hogar. Su facilidad de instalaci\u00f3n, tama\u00f1o compacto y funcionalidad fiable lo convierten en la elecci\u00f3n perfecta para proteger a sus seres queridos y su propiedad.<\/p>","protected":false},"excerpt":{"rendered":"<h3>Seguridad inteligente con el sensor de apertura de puertas y ventanas<\/h3>\n<h4>M\u00e1xima protecci\u00f3n para sus puertas y ventanas<\/h4>\n<p>Con el sensor de apertura de puertas y ventanas, podr\u00e1 beneficiarse de una mayor seguridad para su hogar. Este innovador sensor detecta cualquier intento de intrusi\u00f3n vigilando las aperturas de puertas y ventanas.<\/p>","protected":false},"featured_media":2874,"template":"","meta":{"_uag_custom_page_level_css":"","site-sidebar-layout":"default","site-content-layout":"default","ast-site-content-layout":"default","site-content-style":"default","site-sidebar-style":"default","ast-global-header-display":"","ast-banner-title-visibility":"","ast-main-header-display":"","ast-hfb-above-header-display":"","ast-hfb-below-header-display":"","ast-hfb-mobile-header-display":"","site-post-title":"","ast-breadcrumbs-content":"","ast-featured-img":"","footer-sml-layout":"","theme-transparent-header-meta":"default","adv-header-id-meta":"","stick-header-meta":"default","header-above-stick-meta":"","header-main-stick-meta":"","header-below-stick-meta":"","astra-migrate-meta-layouts":"set","ast-page-background-enabled":"default","ast-page-background-meta":{"desktop":{"background-color":"","background-image":"","background-repeat":"repeat","background-position":"center center","background-size":"auto","background-attachment":"scroll","background-type":"","background-media":"","overlay-type":"","overlay-color":"","overlay-opacity":"","overlay-gradient":""},"tablet":{"background-color":"","background-image":"","background-repeat":"repeat","background-position":"center center","background-size":"auto","background-attachment":"scroll","background-type":"","background-media":"","overlay-type":"","overlay-color":"","overlay-opacity":"","overlay-gradient":""},"mobile":{"background-color":"","background-image":"","background-repeat":"repeat","background-position":"center center","background-size":"auto","background-attachment":"scroll","background-type":"","background-media":"","overlay-type":"","overlay-color":"","overlay-opacity":"","overlay-gradient":""}},"ast-content-background-meta":{"desktop":{"background-color":"var(--ast-global-color-5)","background-image":"","background-repeat":"repeat","background-position":"center center","background-size":"auto","background-attachment":"scroll","background-type":"","background-media":"","overlay-type":"","overlay-color":"","overlay-opacity":"","overlay-gradient":""},"tablet":{"background-color":"var(--ast-global-color-5)","background-image":"","background-repeat":"repeat","background-position":"center center","background-size":"auto","background-attachment":"scroll","background-type":"","background-media":"","overlay-type":"","overlay-color":"","overlay-opacity":"","overlay-gradient":""},"mobile":{"background-color":"var(--ast-global-color-5)","background-image":"","background-repeat":"repeat","background-position":"center center","background-size":"auto","background-attachment":"scroll","background-type":"","background-media":"","overlay-type":"","overlay-color":"","overlay-opacity":"","overlay-gradient":""}}},"product_brand":[],"product_cat":[36],"product_tag":[],"class_list":{"0":"post-1207","1":"product","2":"type-product","3":"status-publish","4":"has-post-thumbnail","6":"product_cat-detecteur","7":"desktop-align-left","8":"tablet-align-left","9":"mobile-align-left","10":"ast-product-gallery-layout-vertical-slider","11":"ast-product-tabs-layout-horizontal","12":"ast-qv-on-image","14":"first","15":"instock","16":"sale","17":"featured","18":"taxable","19":"shipping-taxable","20":"purchasable","21":"product-type-simple"},"aioseo_notices":[],"uagb_featured_image_src":{"full":["https:\/\/alarme-sans-abonnement.alarm-kit.com\/wp-content\/uploads\/2020\/02\/Detecteur-porte-alarme.png",1000,1000,false],"thumbnail":["https:\/\/alarme-sans-abonnement.alarm-kit.com\/wp-content\/uploads\/2020\/02\/Detecteur-porte-alarme-150x150.png",150,150,true],"medium":["https:\/\/alarme-sans-abonnement.alarm-kit.com\/wp-content\/uploads\/2020\/02\/Detecteur-porte-alarme-300x300.png",300,300,true],"medium_large":["https:\/\/alarme-sans-abonnement.alarm-kit.com\/wp-content\/uploads\/2020\/02\/Detecteur-porte-alarme-768x768.png",768,768,true],"large":["https:\/\/alarme-sans-abonnement.alarm-kit.com\/wp-content\/uploads\/2020\/02\/Detecteur-porte-alarme.png",1000,1000,false],"1536x1536":["https:\/\/alarme-sans-abonnement.alarm-kit.com\/wp-content\/uploads\/2020\/02\/Detecteur-porte-alarme.png",1000,1000,false],"2048x2048":["https:\/\/alarme-sans-abonnement.alarm-kit.com\/wp-content\/uploads\/2020\/02\/Detecteur-porte-alarme.png",1000,1000,false],"trp-custom-language-flag":["https:\/\/alarme-sans-abonnement.alarm-kit.com\/wp-content\/uploads\/2020\/02\/Detecteur-porte-alarme-12x12.png",12,12,true],"woocommerce_thumbnail":["https:\/\/alarme-sans-abonnement.alarm-kit.com\/wp-content\/uploads\/2020\/02\/Detecteur-porte-alarme-300x300.png",300,300,true],"woocommerce_single":["https:\/\/alarme-sans-abonnement.alarm-kit.com\/wp-content\/uploads\/2020\/02\/Detecteur-porte-alarme-600x600.png",600,600,true],"woocommerce_gallery_thumbnail":["https:\/\/alarme-sans-abonnement.alarm-kit.com\/wp-content\/uploads\/2020\/02\/Detecteur-porte-alarme-100x100.png",100,100,true]},"uagb_author_info":{"display_name":"alarme-sans-abonnement.alarm-kit.com","author_link":"https:\/\/alarme-sans-abonnement.alarm-kit.com\/es\/author\/"},"uagb_comment_info":0,"uagb_excerpt":"S\u00e9curit\u00e9 Intelligente avec le Capteur d'Ouverture de porte et fen\u00eatre Protection Maximale pour vos portes et fen\u00eatres Avec le Capteur d'Ouverture de porte et fen\u00eatre, vous b\u00e9n\u00e9ficiez d'une s\u00e9curit\u00e9 accrue pour votre maison. Ce capteur innovant d\u00e9tecte toute tentative d'intrusion en surveillant les ouvertures de portes et fen\u00eatres.","jetpack_sharing_enabled":true,"_links":{"self":[{"href":"https:\/\/alarme-sans-abonnement.alarm-kit.com\/es\/wp-json\/wp\/v2\/product\/1207","targetHints":{"allow":["GET"]}}],"collection":[{"href":"https:\/\/alarme-sans-abonnement.alarm-kit.com\/es\/wp-json\/wp\/v2\/product"}],"about":[{"href":"https:\/\/alarme-sans-abonnement.alarm-kit.com\/es\/wp-json\/wp\/v2\/types\/product"}],"wp:featuredmedia":[{"embeddable":true,"href":"https:\/\/alarme-sans-abonnement.alarm-kit.com\/es\/wp-json\/wp\/v2\/media\/2874"}],"wp:attachment":[{"href":"https:\/\/alarme-sans-abonnement.alarm-kit.com\/es\/wp-json\/wp\/v2\/media?parent=1207"}],"wp:term":[{"taxonomy":"product_brand","embeddable":true,"href":"https:\/\/alarme-sans-abonnement.alarm-kit.com\/es\/wp-json\/wp\/v2\/product_brand?post=1207"},{"taxonomy":"product_cat","embeddable":true,"href":"https:\/\/alarme-sans-abonnement.alarm-kit.com\/es\/wp-json\/wp\/v2\/product_cat?post=1207"},{"taxonomy":"product_tag","embeddable":true,"href":"https:\/\/alarme-sans-abonnement.alarm-kit.com\/es\/wp-json\/wp\/v2\/product_tag?post=1207"}],"curies":[{"name":"wp","href":"https:\/\/api.w.org\/{rel}","templated":true}]}}