{"id":1192,"date":"2020-02-17T09:56:28","date_gmt":"2020-02-17T09:56:28","guid":{"rendered":"https:\/\/alarme-sans-abonnement.alarm-kit.com\/?product=golden-bag-with-chain"},"modified":"2024-11-12T13:54:57","modified_gmt":"2024-11-12T12:54:57","slug":"sirene-exterieure","status":"publish","type":"product","link":"https:\/\/alarme-sans-abonnement.alarm-kit.com\/es\/store\/alarma-sin-permanencia-sin-cuotas\/sirena-exterior\/","title":{"rendered":"Potente Sirena Inal\u00e1mbrica para Exteriores - Mayor Seguridad en el Hogar 120 dB"},"content":{"rendered":"<h3>M\u00e1xima protecci\u00f3n con la sirena inal\u00e1mbrica para exteriores<\/h3>\n<p><strong>Mayor seguridad para su hogar y su negocio<\/strong><\/p>\n<p>Proteja su hogar y su negocio con esta sirena inal\u00e1mbrica para exteriores, un dispositivo esencial para disuadir a los intrusos. Equipada con una potente alarma ac\u00fastica que alcanza <strong>120 dB<\/strong>Esta sirena est\u00e1 especialmente dise\u00f1ada para alertar instant\u00e1neamente a sus vecinos en caso de intrusi\u00f3n. Su conexi\u00f3n inal\u00e1mbrica a la central de alarma permite instalarla f\u00e1cilmente en el exterior, ofreciendo la m\u00e1xima flexibilidad sin necesidad de complejos cableados.<\/p>\n<h3>Caracter\u00edsticas y ventajas de la sirena de exterior :<\/h3>\n<ul>\n<li><strong>Nivel de potencia ac\u00fastica de 120 dB<\/strong> Con su potente y estridente sonido, esta sirena garantiza que cualquier intento de intrusi\u00f3n sea detectado e informado inmediatamente, disuadiendo a los intrusos de continuar.<\/li>\n<li><strong>Conexi\u00f3n inal\u00e1mbrica fiable<\/strong> Se comunica eficazmente con su central de alarma a trav\u00e9s de una se\u00f1al inal\u00e1mbrica segura, proporcionando una cobertura estable sin interferencias, incluso a distancia.<\/li>\n<li><strong>Dise\u00f1o resistente a la intemperie<\/strong> Especialmente dise\u00f1ada para su uso en exteriores, esta sirena es resistente a la intemperie (lluvia, viento, fr\u00edo) para garantizar una protecci\u00f3n continua durante todo el a\u00f1o.<\/li>\n<li><strong>Instalaci\u00f3n r\u00e1pida y sencilla<\/strong> No requiere cableado complejo. Esta sirena es f\u00e1cil de instalar en el exterior y est\u00e1 lista para usar en pocos minutos.<\/li>\n<li><strong>Alerta visual LED<\/strong> Adem\u00e1s de la alarma ac\u00fastica, se activa una luz LED para proporcionar una advertencia visual en caso de alarma, lo que aumenta la eficacia de la disuasi\u00f3n.<\/li>\n<\/ul>\n<p><strong>F\u00e1cil de instalar y eficaz de inmediato<\/strong><\/p>\n<p>La sirena inal\u00e1mbrica para exteriores es extraordinariamente f\u00e1cil de instalar. Sin cableado complicado, puede colocarla en cualquier lugar fuera de su casa e instalaciones. Se conecta r\u00e1pidamente a su sistema de seguridad existente a trav\u00e9s de la aplicaci\u00f3n Tuya y Smart Life, lo que le permite personalizar sus alertas y mantenerse informado en tiempo real. No pierda m\u00e1s tiempo con sistemas complejos: esta sirena est\u00e1 lista para protegerle en cuanto se ponga en funcionamiento.<\/p>\n<p><img loading=\"lazy\" decoding=\"async\" class=\"aligncenter wp-image-3327 size-full\" src=\"https:\/\/alarme-sans-abonnement.alarm-kit.com\/wp-content\/uploads\/2020\/02\/sirene-exterieure-Wireless-loud-speaker-siren-with-built-in-rechargable-battery-for-alarm-system-banner.png\" alt=\"Altavoz inal\u00e1mbrico con bater\u00eda recargable integrada para sistema de alarma con banderola\" width=\"2000\" height=\"960\" srcset=\"https:\/\/alarme-sans-abonnement.alarm-kit.com\/wp-content\/uploads\/2020\/02\/sirene-exterieure-Wireless-loud-speaker-siren-with-built-in-rechargable-battery-for-alarm-system-banner.png 2000w, https:\/\/alarme-sans-abonnement.alarm-kit.com\/wp-content\/uploads\/2020\/02\/sirene-exterieure-Wireless-loud-speaker-siren-with-built-in-rechargable-battery-for-alarm-system-banner-300x144.png 300w, https:\/\/alarme-sans-abonnement.alarm-kit.com\/wp-content\/uploads\/2020\/02\/sirene-exterieure-Wireless-loud-speaker-siren-with-built-in-rechargable-battery-for-alarm-system-banner-1024x492.png 1024w, https:\/\/alarme-sans-abonnement.alarm-kit.com\/wp-content\/uploads\/2020\/02\/sirene-exterieure-Wireless-loud-speaker-siren-with-built-in-rechargable-battery-for-alarm-system-banner-768x369.png 768w, https:\/\/alarme-sans-abonnement.alarm-kit.com\/wp-content\/uploads\/2020\/02\/sirene-exterieure-Wireless-loud-speaker-siren-with-built-in-rechargable-battery-for-alarm-system-banner-1536x737.png 1536w, https:\/\/alarme-sans-abonnement.alarm-kit.com\/wp-content\/uploads\/2020\/02\/sirene-exterieure-Wireless-loud-speaker-siren-with-built-in-rechargable-battery-for-alarm-system-banner-18x9.png 18w, https:\/\/alarme-sans-abonnement.alarm-kit.com\/wp-content\/uploads\/2020\/02\/sirene-exterieure-Wireless-loud-speaker-siren-with-built-in-rechargable-battery-for-alarm-system-banner-600x288.png 600w\" sizes=\"auto, (max-width: 2000px) 100vw, 2000px\" \/><\/p>\n<p><strong>Tecnolog\u00eda inteligente para una protecci\u00f3n completa<\/strong><\/p>\n<p>Integrada con las aplicaciones Tuya y Smart Life, esta sirena le ofrece un control total y una supervisi\u00f3n continua. Las notificaciones en tiempo real en su smartphone le informan inmediatamente de cualquier intento de intrusi\u00f3n. La sirena inal\u00e1mbrica para exteriores combina un potente sonido con tecnolog\u00eda de vanguardia para mantener a salvo su hogar y su negocio. Su dise\u00f1o moderno y discreto se adapta a cualquier interior sin comprometer la est\u00e9tica de su hogar.<\/p>\n<h3>\u00bfPor qu\u00e9 elegir esta sirena de exterior?<\/h3>\n<p>La seguridad de su hogar requiere una soluci\u00f3n fiable y robusta, capaz de reaccionar en un instante y disuadir eficazmente a los intrusos. Con su potente sonido y su f\u00e1cil instalaci\u00f3n inal\u00e1mbrica, esta sirena de exterior es el aliado perfecto para reforzar la protecci\u00f3n de su hogar. Con su dise\u00f1o resistente a la intemperie y su conexi\u00f3n estable, proporciona una protecci\u00f3n duradera para un hogar seguro.<\/p>\n<h3>Caracter\u00edsticas t\u00e9cnicas de la sirena inal\u00e1mbrica para exteriores<\/h3>\n<ul>\n<li><strong>Dimensiones<\/strong> Dimensiones: 155 x 100 x 45 mm (6,10\u2033 x 3,93\u2033 x 1,77\u2033)<\/li>\n<li><strong>Intensidad sonora<\/strong> 120 dB para una alerta potente y disuasoria<\/li>\n<li><strong>Bater\u00eda integrada<\/strong> 7,4 V, 400 mAh de iones de litio, para un funcionamiento fiable en caso de corte del suministro el\u00e9ctrico<\/li>\n<li><strong>Alimentaci\u00f3n<\/strong> Entrada de red de 100 a 240 V CA<\/li>\n<li><strong>Frecuencia del adaptador<\/strong> 50\/60 Hz para compatibilidad universal<\/li>\n<li><strong>Configuraci\u00f3n inal\u00e1mbrica<\/strong> Frecuencia de 433 MHz, protocolo eV1527, que garantiza una comunicaci\u00f3n segura con la unidad de control<\/li>\n<li><strong>Temperatura de funcionamiento<\/strong> 10\u00b0C a +50\u00b0C (50\u00b0F a 122\u00b0F), adaptado a condiciones exteriores<\/li>\n<li><strong>Humedad relativa<\/strong> : Inferior a 95 % (sin condensaci\u00f3n), ofreciendo una gran resistencia a la intemperie<\/li>\n<\/ul>\n<p>Estas caracter\u00edsticas hacen de esta sirena de exterior una opci\u00f3n robusta y fiable para mejorar la seguridad.<\/p>\n<h3>Preguntas m\u00e1s frecuentes (FAQ) - Sirena de alarma exterior<\/h3>\n<p><strong>1. \u00bfLa sirena de alarma puede funcionar sola sin estar conectada a un sistema de seguridad?<\/strong><br \/>\nNo, la sirena de alarma debe estar emparejada con un sistema de seguridad o panel de alarma para funcionar correctamente y recibir alertas.<\/p>\n<p><strong>2. \u00bfLa bater\u00eda de la sirena de alarma es extra\u00edble?<\/strong><br \/>\nNo, la sirena de alarma lleva incorporada una bater\u00eda recargable de iones de litio. No se puede extraer del dispositivo.<\/p>\n<p><strong>3. \u00bfC\u00f3mo se conecta la sirena de alarma a mi sistema de seguridad?<\/strong><br \/>\nLa sirena de alarma se conecta de forma inal\u00e1mbrica a su sistema de seguridad, lo que permite una instalaci\u00f3n r\u00e1pida sin cableados complejos.<\/p>\n<p><strong>4. \u00bfPuedo instalar la sirena de alarma en interiores o exteriores?<\/strong><br \/>\nS\u00ed, este modelo est\u00e1 dise\u00f1ado tanto para interiores como para exteriores, por lo que ofrece una gran flexibilidad de instalaci\u00f3n.<\/p>\n<p><strong>5. \u00bfCu\u00e1l es el alcance m\u00e1ximo de la sirena de alarma?<\/strong><br \/>\nLa sirena de alarma sigue funcionando con normalidad y con una se\u00f1al potente a una distancia de hasta 100 metros de la central principal.<\/p>","protected":false},"excerpt":{"rendered":"<h3>M\u00e1xima protecci\u00f3n con la sirena inal\u00e1mbrica para exteriores<\/h3>\n<p><strong>Mayor seguridad para su hogar y su negocio<\/strong><\/p>\n<p>Proteja su hogar y sus instalaciones con la sirena inal\u00e1mbrica para exteriores. Equipada con tecnolog\u00eda avanzada de 433 MHz y compatible con los sistemas Tuya y Smart Life, esta sirena de muy altos decibelios es su mejor aliada contra los intrusos. Gracias a sus destellos estrobosc\u00f3picos y a su contundente alarma ac\u00fastica, disuade inmediatamente a los ladrones. Convierta su hogar o negocio en una fortaleza con este sistema de seguridad inteligente.<\/p>","protected":false},"featured_media":3328,"template":"","meta":{"_uag_custom_page_level_css":"","site-sidebar-layout":"default","site-content-layout":"default","ast-site-content-layout":"default","site-content-style":"default","site-sidebar-style":"default","ast-global-header-display":"","ast-banner-title-visibility":"","ast-main-header-display":"","ast-hfb-above-header-display":"","ast-hfb-below-header-display":"","ast-hfb-mobile-header-display":"","site-post-title":"","ast-breadcrumbs-content":"","ast-featured-img":"","footer-sml-layout":"","theme-transparent-header-meta":"default","adv-header-id-meta":"","stick-header-meta":"default","header-above-stick-meta":"","header-main-stick-meta":"","header-below-stick-meta":"","astra-migrate-meta-layouts":"set","ast-page-background-enabled":"default","ast-page-background-meta":{"desktop":{"background-color":"","background-image":"","background-repeat":"repeat","background-position":"center center","background-size":"auto","background-attachment":"scroll","background-type":"","background-media":"","overlay-type":"","overlay-color":"","overlay-opacity":"","overlay-gradient":""},"tablet":{"background-color":"","background-image":"","background-repeat":"repeat","background-position":"center center","background-size":"auto","background-attachment":"scroll","background-type":"","background-media":"","overlay-type":"","overlay-color":"","overlay-opacity":"","overlay-gradient":""},"mobile":{"background-color":"","background-image":"","background-repeat":"repeat","background-position":"center center","background-size":"auto","background-attachment":"scroll","background-type":"","background-media":"","overlay-type":"","overlay-color":"","overlay-opacity":"","overlay-gradient":""}},"ast-content-background-meta":{"desktop":{"background-color":"var(--ast-global-color-5)","background-image":"","background-repeat":"repeat","background-position":"center center","background-size":"auto","background-attachment":"scroll","background-type":"","background-media":"","overlay-type":"","overlay-color":"","overlay-opacity":"","overlay-gradient":""},"tablet":{"background-color":"var(--ast-global-color-5)","background-image":"","background-repeat":"repeat","background-position":"center center","background-size":"auto","background-attachment":"scroll","background-type":"","background-media":"","overlay-type":"","overlay-color":"","overlay-opacity":"","overlay-gradient":""},"mobile":{"background-color":"var(--ast-global-color-5)","background-image":"","background-repeat":"repeat","background-position":"center center","background-size":"auto","background-attachment":"scroll","background-type":"","background-media":"","overlay-type":"","overlay-color":"","overlay-opacity":"","overlay-gradient":""}}},"product_brand":[],"product_cat":[15,34,43,36],"product_tag":[],"class_list":{"0":"post-1192","1":"product","2":"type-product","3":"status-publish","4":"has-post-thumbnail","6":"product_cat-alarme-sans-abonnement","7":"product_cat-alarme-maison","8":"product_cat-alarme-entreprise","9":"product_cat-detecteur","10":"desktop-align-left","11":"tablet-align-left","12":"mobile-align-left","13":"ast-product-gallery-layout-vertical-slider","14":"ast-product-tabs-layout-horizontal","15":"ast-qv-on-image","17":"first","18":"instock","19":"sale","20":"featured","21":"taxable","22":"shipping-taxable","23":"purchasable","24":"product-type-simple"},"aioseo_notices":[],"uagb_featured_image_src":{"full":["https:\/\/alarme-sans-abonnement.alarm-kit.com\/wp-content\/uploads\/2020\/02\/Wireless-loud-speaker-siren-with-built-in-rechargable-battery-for-alarm-system.png",2000,2000,false],"thumbnail":["https:\/\/alarme-sans-abonnement.alarm-kit.com\/wp-content\/uploads\/2020\/02\/Wireless-loud-speaker-siren-with-built-in-rechargable-battery-for-alarm-system-150x150.png",150,150,true],"medium":["https:\/\/alarme-sans-abonnement.alarm-kit.com\/wp-content\/uploads\/2020\/02\/Wireless-loud-speaker-siren-with-built-in-rechargable-battery-for-alarm-system-300x300.png",300,300,true],"medium_large":["https:\/\/alarme-sans-abonnement.alarm-kit.com\/wp-content\/uploads\/2020\/02\/Wireless-loud-speaker-siren-with-built-in-rechargable-battery-for-alarm-system-768x768.png",768,768,true],"large":["https:\/\/alarme-sans-abonnement.alarm-kit.com\/wp-content\/uploads\/2020\/02\/Wireless-loud-speaker-siren-with-built-in-rechargable-battery-for-alarm-system-1024x1024.png",1024,1024,true],"1536x1536":["https:\/\/alarme-sans-abonnement.alarm-kit.com\/wp-content\/uploads\/2020\/02\/Wireless-loud-speaker-siren-with-built-in-rechargable-battery-for-alarm-system-1536x1536.png",1536,1536,true],"2048x2048":["https:\/\/alarme-sans-abonnement.alarm-kit.com\/wp-content\/uploads\/2020\/02\/Wireless-loud-speaker-siren-with-built-in-rechargable-battery-for-alarm-system.png",2000,2000,false],"trp-custom-language-flag":["https:\/\/alarme-sans-abonnement.alarm-kit.com\/wp-content\/uploads\/2020\/02\/Wireless-loud-speaker-siren-with-built-in-rechargable-battery-for-alarm-system-12x12.png",12,12,true],"woocommerce_thumbnail":["https:\/\/alarme-sans-abonnement.alarm-kit.com\/wp-content\/uploads\/2020\/02\/Wireless-loud-speaker-siren-with-built-in-rechargable-battery-for-alarm-system-300x300.png",300,300,true],"woocommerce_single":["https:\/\/alarme-sans-abonnement.alarm-kit.com\/wp-content\/uploads\/2020\/02\/Wireless-loud-speaker-siren-with-built-in-rechargable-battery-for-alarm-system-600x600.png",600,600,true],"woocommerce_gallery_thumbnail":["https:\/\/alarme-sans-abonnement.alarm-kit.com\/wp-content\/uploads\/2020\/02\/Wireless-loud-speaker-siren-with-built-in-rechargable-battery-for-alarm-system-100x100.png",100,100,true]},"uagb_author_info":{"display_name":"alarme-sans-abonnement.alarm-kit.com","author_link":"https:\/\/alarme-sans-abonnement.alarm-kit.com\/es\/author\/"},"uagb_comment_info":0,"uagb_excerpt":"Protection Maximale avec la Sir\u00e8ne d\u2019Ext\u00e9rieure Sans Fil S\u00e9curit\u00e9 Renforc\u00e9e pour Votre Maison et votre Entreprise Prot\u00e9gez votre domicile et vos locaux avec la Sir\u00e8ne Ext\u00e9rieure Sans Fil . \u00c9quip\u00e9e de la technologie avanc\u00e9e 433MHz et int\u00e9grable au syst\u00e8me Tuya et Smart Life, cette sir\u00e8ne de tr\u00e9s haut d\u00e9cibels est votre meilleure alli\u00e9e contre les&hellip;","jetpack_sharing_enabled":true,"_links":{"self":[{"href":"https:\/\/alarme-sans-abonnement.alarm-kit.com\/es\/wp-json\/wp\/v2\/product\/1192","targetHints":{"allow":["GET"]}}],"collection":[{"href":"https:\/\/alarme-sans-abonnement.alarm-kit.com\/es\/wp-json\/wp\/v2\/product"}],"about":[{"href":"https:\/\/alarme-sans-abonnement.alarm-kit.com\/es\/wp-json\/wp\/v2\/types\/product"}],"wp:featuredmedia":[{"embeddable":true,"href":"https:\/\/alarme-sans-abonnement.alarm-kit.com\/es\/wp-json\/wp\/v2\/media\/3328"}],"wp:attachment":[{"href":"https:\/\/alarme-sans-abonnement.alarm-kit.com\/es\/wp-json\/wp\/v2\/media?parent=1192"}],"wp:term":[{"taxonomy":"product_brand","embeddable":true,"href":"https:\/\/alarme-sans-abonnement.alarm-kit.com\/es\/wp-json\/wp\/v2\/product_brand?post=1192"},{"taxonomy":"product_cat","embeddable":true,"href":"https:\/\/alarme-sans-abonnement.alarm-kit.com\/es\/wp-json\/wp\/v2\/product_cat?post=1192"},{"taxonomy":"product_tag","embeddable":true,"href":"https:\/\/alarme-sans-abonnement.alarm-kit.com\/es\/wp-json\/wp\/v2\/product_tag?post=1192"}],"curies":[{"name":"wp","href":"https:\/\/api.w.org\/{rel}","templated":true}]}}