{"id":1193,"date":"2020-02-17T09:56:34","date_gmt":"2020-02-17T09:56:34","guid":{"rendered":"https:\/\/alarme-sans-abonnement.alarm-kit.com\/?product=black-over-the-shoulder-handbag-2"},"modified":"2024-11-09T19:59:59","modified_gmt":"2024-11-09T18:59:59","slug":"alarme-4g","status":"publish","type":"product","link":"https:\/\/alarme-sans-abonnement.alarm-kit.com\/en_ca\/store\/no-monthly-fee-home-security-systems-alarm\/4g-alarm\/","title":{"rendered":"Foolproof security with the WALLY Wifi + 4G alarm system"},"content":{"rendered":"<h3>S\u00e9curit\u00e9 \u00e0 Toute \u00c9preuve avec le Syst\u00e8me d\u2019Alarme Sans Abonnement WALLY Wifi et 4G<\/h3>\n<h4>Total Protection for Your Home<\/h4>\n<p>Enjoy peace of mind with the\u00a0<strong>Kit d\u2019Alarme Sans Fil wifi et 4G<\/strong>. Garantissez la s\u00e9curit\u00e9 de votre domicile avec le syst\u00e8me d\u2019alarme wifi + 4G. Avec une technologie de pointe et des fonctionnalit\u00e9s avanc\u00e9es, ce syst\u00e8me offre une surveillance 24h\/24 et 7j\/7, vous assurant une tranquillit\u00e9 d\u2019esprit in\u00e9gal\u00e9e. Equip\u00e9 de capteurs ultra-sensibles et d\u2019une connectivit\u00e9 Wifi et 4G fiable, il d\u00e9tecte imm\u00e9diatement toute intrusion ou mouvement suspect. Ne laissez rien au hasard et prot\u00e9gez ce qui vous est cher.<\/p>\n<p><img loading=\"lazy\" decoding=\"async\" class=\"aligncenter wp-image-3022 size-full\" src=\"https:\/\/alarme-sans-abonnement.alarm-kit.com\/wp-content\/uploads\/2020\/02\/6.png\" alt=\"4g alarm\" width=\"2000\" height=\"960\" srcset=\"https:\/\/alarme-sans-abonnement.alarm-kit.com\/wp-content\/uploads\/2020\/02\/6.png 2000w, https:\/\/alarme-sans-abonnement.alarm-kit.com\/wp-content\/uploads\/2020\/02\/6-300x144.png 300w, https:\/\/alarme-sans-abonnement.alarm-kit.com\/wp-content\/uploads\/2020\/02\/6-1024x492.png 1024w, https:\/\/alarme-sans-abonnement.alarm-kit.com\/wp-content\/uploads\/2020\/02\/6-768x369.png 768w, https:\/\/alarme-sans-abonnement.alarm-kit.com\/wp-content\/uploads\/2020\/02\/6-1536x737.png 1536w, https:\/\/alarme-sans-abonnement.alarm-kit.com\/wp-content\/uploads\/2020\/02\/6-18x9.png 18w, https:\/\/alarme-sans-abonnement.alarm-kit.com\/wp-content\/uploads\/2020\/02\/6-600x288.png 600w\" sizes=\"auto, (max-width: 2000px) 100vw, 2000px\" \/><\/p>\n<h4>Easy installation and intelligent control<\/h4>\n<p>Simplifiez votre vie gr\u00e2ce \u00e0 l&rsquo;installation rapide et intuitive du syst\u00e8me Alarme Plus. Con\u00e7u pour \u00eatre op\u00e9rationnel en quelques minutes, ce dispositif est id\u00e9al pour les appartements et les maisons. De plus, avec son application mobile conviviale, vous pouvez surveiller et contr\u00f4ler votre syst\u00e8me de s\u00e9curit\u00e9 \u00e0 distance, o\u00f9 que vous soyez. Recevez des alertes en temps r\u00e9el et ajustez les param\u00e8tres en quelques clics pour une s\u00e9curit\u00e9 personnalis\u00e9e.<\/p>\n<h4>Discreet design and high performance<\/h4>\n<p>Le syst\u00e8me d&rsquo;alarme WALLY Wifi + 4G se distingue par son design \u00e9l\u00e9gant et discret, s&rsquo;int\u00e9grant parfaitement \u00e0 tout int\u00e9rieur sans compromettre la d\u00e9coration de votre maison. Ses performances \u00e9lev\u00e9es et sa durabilit\u00e9 font de ce syst\u00e8me un choix judicieux pour une protection longue dur\u00e9e. Investissez dans la tranquillit\u00e9 avec un produit qui combine esth\u00e9tique et technologie de pointe pour un environnement s\u00e9curis\u00e9.<\/p>\n<p><img loading=\"lazy\" decoding=\"async\" class=\"aligncenter wp-image-3021 size-full\" src=\"https:\/\/alarme-sans-abonnement.alarm-kit.com\/wp-content\/uploads\/2020\/02\/5.png\" alt=\"design alarm\" width=\"2000\" height=\"960\" srcset=\"https:\/\/alarme-sans-abonnement.alarm-kit.com\/wp-content\/uploads\/2020\/02\/5.png 2000w, https:\/\/alarme-sans-abonnement.alarm-kit.com\/wp-content\/uploads\/2020\/02\/5-300x144.png 300w, https:\/\/alarme-sans-abonnement.alarm-kit.com\/wp-content\/uploads\/2020\/02\/5-1024x492.png 1024w, https:\/\/alarme-sans-abonnement.alarm-kit.com\/wp-content\/uploads\/2020\/02\/5-768x369.png 768w, https:\/\/alarme-sans-abonnement.alarm-kit.com\/wp-content\/uploads\/2020\/02\/5-1536x737.png 1536w, https:\/\/alarme-sans-abonnement.alarm-kit.com\/wp-content\/uploads\/2020\/02\/5-18x9.png 18w, https:\/\/alarme-sans-abonnement.alarm-kit.com\/wp-content\/uploads\/2020\/02\/5-600x288.png 600w\" sizes=\"auto, (max-width: 2000px) 100vw, 2000px\" \/><\/p>\n<h4>Intelligent and Customized Control<\/h4>\n<p>Thanks to the Tuya or Smart Life app, available on iOS and Android, the <strong>Kit d&rsquo;Alarme Sans Fil WALLY Wifi<\/strong>\u00a0allows you to customize security settings to your specific needs. Receive instant notifications on your smartphone in the event of intrusion detection or suspicious movement. What's more, the ability to connect various additional accessories, such as surveillance cameras and smoke detectors, makes this kit extremely adaptable and upgradeable. Live with peace of mind, knowing that you can monitor and control your security at the touch of a finger.<\/p>\n<p><img loading=\"lazy\" decoding=\"async\" class=\"alignnone size-full wp-image-3008\" src=\"https:\/\/alarme-sans-abonnement.alarm-kit.com\/wp-content\/uploads\/2020\/02\/Smart-life-logo-2.avif\" alt=\"\" width=\"262\" height=\"90\" srcset=\"https:\/\/alarme-sans-abonnement.alarm-kit.com\/wp-content\/uploads\/2020\/02\/Smart-life-logo-2.avif 262w, https:\/\/alarme-sans-abonnement.alarm-kit.com\/wp-content\/uploads\/2020\/02\/Smart-life-logo-2-18x6.avif 18w\" sizes=\"auto, (max-width: 262px) 100vw, 262px\" \/> <img loading=\"lazy\" decoding=\"async\" class=\"alignnone size-full wp-image-3009\" src=\"https:\/\/alarme-sans-abonnement.alarm-kit.com\/wp-content\/uploads\/2020\/02\/Tuya-logo-2.avif\" alt=\"\" width=\"262\" height=\"90\" srcset=\"https:\/\/alarme-sans-abonnement.alarm-kit.com\/wp-content\/uploads\/2020\/02\/Tuya-logo-2.avif 262w, https:\/\/alarme-sans-abonnement.alarm-kit.com\/wp-content\/uploads\/2020\/02\/Tuya-logo-2-18x6.avif 18w\" sizes=\"auto, (max-width: 262px) 100vw, 262px\" \/> <img loading=\"lazy\" decoding=\"async\" class=\"alignnone size-full wp-image-3007\" src=\"https:\/\/alarme-sans-abonnement.alarm-kit.com\/wp-content\/uploads\/2020\/02\/google-assistant-logo-2.avif\" alt=\"\" width=\"262\" height=\"90\" srcset=\"https:\/\/alarme-sans-abonnement.alarm-kit.com\/wp-content\/uploads\/2020\/02\/google-assistant-logo-2.avif 262w, https:\/\/alarme-sans-abonnement.alarm-kit.com\/wp-content\/uploads\/2020\/02\/google-assistant-logo-2-18x6.avif 18w\" sizes=\"auto, (max-width: 262px) 100vw, 262px\" \/> <img loading=\"lazy\" decoding=\"async\" class=\"alignnone size-full wp-image-3006\" src=\"https:\/\/alarme-sans-abonnement.alarm-kit.com\/wp-content\/uploads\/2020\/02\/amazon-alexa-logo-2.avif\" alt=\"\" width=\"262\" height=\"90\" srcset=\"https:\/\/alarme-sans-abonnement.alarm-kit.com\/wp-content\/uploads\/2020\/02\/amazon-alexa-logo-2.avif 262w, https:\/\/alarme-sans-abonnement.alarm-kit.com\/wp-content\/uploads\/2020\/02\/amazon-alexa-logo-2-18x6.avif 18w\" sizes=\"auto, (max-width: 262px) 100vw, 262px\" \/><\/p>\n<p><img loading=\"lazy\" decoding=\"async\" class=\"aligncenter wp-image-3023 size-full\" src=\"https:\/\/alarme-sans-abonnement.alarm-kit.com\/wp-content\/uploads\/2020\/02\/7.png\" alt=\"\" width=\"2000\" height=\"960\" srcset=\"https:\/\/alarme-sans-abonnement.alarm-kit.com\/wp-content\/uploads\/2020\/02\/7.png 2000w, https:\/\/alarme-sans-abonnement.alarm-kit.com\/wp-content\/uploads\/2020\/02\/7-300x144.png 300w, https:\/\/alarme-sans-abonnement.alarm-kit.com\/wp-content\/uploads\/2020\/02\/7-1024x492.png 1024w, https:\/\/alarme-sans-abonnement.alarm-kit.com\/wp-content\/uploads\/2020\/02\/7-768x369.png 768w, https:\/\/alarme-sans-abonnement.alarm-kit.com\/wp-content\/uploads\/2020\/02\/7-1536x737.png 1536w, https:\/\/alarme-sans-abonnement.alarm-kit.com\/wp-content\/uploads\/2020\/02\/7-18x9.png 18w, https:\/\/alarme-sans-abonnement.alarm-kit.com\/wp-content\/uploads\/2020\/02\/7-600x288.png 600w\" sizes=\"auto, (max-width: 2000px) 100vw, 2000px\" \/><\/p>\n<h4>Discreet design<\/h4>\n<p>Visit <strong>Kit d&rsquo;Alarme 4G <\/strong>is distinguished by its compact, unobtrusive design, blending in perfectly with any d\u00e9cor without attracting attention. Installation is child's play: attach the wireless detectors and sensors to strategic locations in your home or office, connect them to the free Tuya or Smart Life app, and voil\u00e0, your security system is ready to go. With an extended battery life of 1500 mAh, you don't have to worry about power cuts. Protecting your space has never been easier or more elegant.<\/p>\n<div style=\"width: 1280px;\" class=\"wp-video\"><!--[if lt IE 9]><script>document.createElement('video');<\/script><![endif]-->\n<video class=\"wp-video-shortcode\" id=\"video-1193-1\" width=\"1280\" height=\"720\" loop autoplay preload=\"metadata\" controls=\"controls\"><source type=\"video\/mp4\" src=\"https:\/\/alarme-sans-abonnement.alarm-kit.com\/wp-content\/uploads\/2024\/04\/ALARM-KIT-501.mp4?_=1\" \/><a href=\"https:\/\/alarme-sans-abonnement.alarm-kit.com\/wp-content\/uploads\/2024\/04\/ALARM-KIT-501.mp4\">https:\/\/alarme-sans-abonnement.alarm-kit.com\/wp-content\/uploads\/2024\/04\/ALARM-KIT-501.mp4<\/a><\/video><\/div>\n<p>&nbsp;<\/p>\n<p><strong>Technical specifications:<br \/>\n<\/strong>Transmission type: Wi-Fi 2.4Ghz IEEE802.11b\/g\/n<br \/>\nCompatible carte SIM 4G: Oui, avec l\u2019option version 4G+ et une carte <a title=\"4G SIM for subscription-free alarm systems\" href=\"https:\/\/alarme-sans-abonnement.alarm-kit.com\/store\/sim-alarme\/sim-alarme-sans-abonnement\/\" target=\"_blank\" rel=\"noopener\">M2M SIM for alarm<\/a><br \/>\nWireless control technology: RF remote control, free application<br \/>\nSir\u00e8ne d\u2019alarme: Externe de 110 D\u00e9cibels<br \/>\nCompatible applications: Smart Life, Tuya, Google Assistant, Amazon Alexa<br \/>\nCompatible accessories: &gt; 200<br \/>\nTransmission frequency(s): 433 Mhz, eV1527<br \/>\nDimensions (L x l x H): 120 x 98 x 12 mm \/ 4.7\u2033 x 3.85\u2033 x 0.47\u2033 Inches<br \/>\nPoids (avec batteries): 165 g<br \/>\nColor: White and Black<br \/>\nPower supply (battery): DC3.7V USB Micro<br \/>\nAutonomie sur batterie: 12H en moyenne, 1200mAh \/ 90min en marche<br \/>\nStatus indicators: 109 mm \/ 4.3\" IPS color touch screen<br \/>\nInstallation de la centrale: Fix\u00e9e sur un mur\/meuble (vis incluses)<\/p>","protected":false},"excerpt":{"rendered":"<h3>S\u00e9curit\u00e9 \u00e0 Toute \u00c9preuve avec le Syst\u00e8me d\u2019Alarme sans abonnement Wally Wifi et 4G<\/h3>\n<h4>Total Protection for Your Home<\/h4>\n<p>Enjoy peace of mind with the\u00a0<strong>Kit d\u2019Alarme Sans Fil Wifi et 4G<\/strong>. Garantissez la s\u00e9curit\u00e9 de votre domicile avec le syst\u00e8me d\u2019alarme 4G. Avec une technologie de pointe et des fonctionnalit\u00e9s avanc\u00e9es, ce syst\u00e8me offre une surveillance 24h\/24 et 7j\/7, vous assurant une tranquillit\u00e9 d\u2019esprit in\u00e9gal\u00e9e. Equip\u00e9 de capteurs ultra-sensibles et d\u2019une connectivit\u00e9 Wifi et 4G fiable, il d\u00e9tecte imm\u00e9diatement toute intrusion ou mouvement suspect. Ne laissez rien au hasard et prot\u00e9gez ce qui vous est cher.<\/p>","protected":false},"featured_media":2939,"template":"","meta":{"_uag_custom_page_level_css":"","site-sidebar-layout":"default","site-content-layout":"default","ast-site-content-layout":"default","site-content-style":"default","site-sidebar-style":"default","ast-global-header-display":"","ast-banner-title-visibility":"","ast-main-header-display":"","ast-hfb-above-header-display":"","ast-hfb-below-header-display":"","ast-hfb-mobile-header-display":"","site-post-title":"","ast-breadcrumbs-content":"","ast-featured-img":"","footer-sml-layout":"","theme-transparent-header-meta":"default","adv-header-id-meta":"","stick-header-meta":"default","header-above-stick-meta":"","header-main-stick-meta":"","header-below-stick-meta":"","astra-migrate-meta-layouts":"set","ast-page-background-enabled":"default","ast-page-background-meta":{"desktop":{"background-color":"","background-image":"","background-repeat":"repeat","background-position":"center center","background-size":"auto","background-attachment":"scroll","background-type":"","background-media":"","overlay-type":"","overlay-color":"","overlay-opacity":"","overlay-gradient":""},"tablet":{"background-color":"","background-image":"","background-repeat":"repeat","background-position":"center center","background-size":"auto","background-attachment":"scroll","background-type":"","background-media":"","overlay-type":"","overlay-color":"","overlay-opacity":"","overlay-gradient":""},"mobile":{"background-color":"","background-image":"","background-repeat":"repeat","background-position":"center center","background-size":"auto","background-attachment":"scroll","background-type":"","background-media":"","overlay-type":"","overlay-color":"","overlay-opacity":"","overlay-gradient":""}},"ast-content-background-meta":{"desktop":{"background-color":"var(--ast-global-color-5)","background-image":"","background-repeat":"repeat","background-position":"center center","background-size":"auto","background-attachment":"scroll","background-type":"","background-media":"","overlay-type":"","overlay-color":"","overlay-opacity":"","overlay-gradient":""},"tablet":{"background-color":"var(--ast-global-color-5)","background-image":"","background-repeat":"repeat","background-position":"center center","background-size":"auto","background-attachment":"scroll","background-type":"","background-media":"","overlay-type":"","overlay-color":"","overlay-opacity":"","overlay-gradient":""},"mobile":{"background-color":"var(--ast-global-color-5)","background-image":"","background-repeat":"repeat","background-position":"center center","background-size":"auto","background-attachment":"scroll","background-type":"","background-media":"","overlay-type":"","overlay-color":"","overlay-opacity":"","overlay-gradient":""}}},"product_brand":[],"product_cat":[15,34,43,40],"product_tag":[],"class_list":{"0":"post-1193","1":"product","2":"type-product","3":"status-publish","4":"has-post-thumbnail","6":"product_cat-alarme-sans-abonnement","7":"product_cat-alarme-maison","8":"product_cat-alarme-entreprise","9":"product_cat-telesurveillance","10":"desktop-align-left","11":"tablet-align-left","12":"mobile-align-left","13":"ast-product-gallery-layout-vertical-slider","14":"ast-product-tabs-layout-horizontal","15":"ast-qv-on-image","17":"first","18":"instock","19":"featured","20":"taxable","21":"shipping-taxable","22":"purchasable","23":"product-type-simple"},"aioseo_notices":[],"uagb_featured_image_src":{"full":["https:\/\/alarme-sans-abonnement.alarm-kit.com\/wp-content\/uploads\/2024\/06\/alarme-connectee-sans-fil-wifi-4g.jpg",2000,2000,false],"thumbnail":["https:\/\/alarme-sans-abonnement.alarm-kit.com\/wp-content\/uploads\/2024\/06\/alarme-connectee-sans-fil-wifi-4g-150x150.jpg",150,150,true],"medium":["https:\/\/alarme-sans-abonnement.alarm-kit.com\/wp-content\/uploads\/2024\/06\/alarme-connectee-sans-fil-wifi-4g-300x300.jpg",300,300,true],"medium_large":["https:\/\/alarme-sans-abonnement.alarm-kit.com\/wp-content\/uploads\/2024\/06\/alarme-connectee-sans-fil-wifi-4g-768x768.jpg",768,768,true],"large":["https:\/\/alarme-sans-abonnement.alarm-kit.com\/wp-content\/uploads\/2024\/06\/alarme-connectee-sans-fil-wifi-4g-1024x1024.jpg",1024,1024,true],"1536x1536":["https:\/\/alarme-sans-abonnement.alarm-kit.com\/wp-content\/uploads\/2024\/06\/alarme-connectee-sans-fil-wifi-4g-1536x1536.jpg",1536,1536,true],"2048x2048":["https:\/\/alarme-sans-abonnement.alarm-kit.com\/wp-content\/uploads\/2024\/06\/alarme-connectee-sans-fil-wifi-4g.jpg",2000,2000,false],"trp-custom-language-flag":["https:\/\/alarme-sans-abonnement.alarm-kit.com\/wp-content\/uploads\/2024\/06\/alarme-connectee-sans-fil-wifi-4g-12x12.jpg",12,12,true],"woocommerce_thumbnail":["https:\/\/alarme-sans-abonnement.alarm-kit.com\/wp-content\/uploads\/2024\/06\/alarme-connectee-sans-fil-wifi-4g-300x300.jpg",300,300,true],"woocommerce_single":["https:\/\/alarme-sans-abonnement.alarm-kit.com\/wp-content\/uploads\/2024\/06\/alarme-connectee-sans-fil-wifi-4g-600x600.jpg",600,600,true],"woocommerce_gallery_thumbnail":["https:\/\/alarme-sans-abonnement.alarm-kit.com\/wp-content\/uploads\/2024\/06\/alarme-connectee-sans-fil-wifi-4g-100x100.jpg",100,100,true]},"uagb_author_info":{"display_name":"alarme-sans-abonnement.alarm-kit.com","author_link":"https:\/\/alarme-sans-abonnement.alarm-kit.com\/en_ca\/author\/"},"uagb_comment_info":0,"uagb_excerpt":"S\u00e9curit\u00e9 \u00e0 Toute \u00c9preuve avec le Syst\u00e8me d\u2019Alarme sans abonnement Wally Wifi et 4G Protection Totale pour Votre Maison Offrez-vous la tranquillit\u00e9 d\u2019esprit avec le\u00a0Kit d\u2019Alarme Sans Fil Wifi et 4G. Garantissez la s\u00e9curit\u00e9 de votre domicile avec le syst\u00e8me d\u2019alarme 4G. Avec une technologie de pointe et des fonctionnalit\u00e9s avanc\u00e9es, ce syst\u00e8me offre une&hellip;","jetpack_sharing_enabled":true,"_links":{"self":[{"href":"https:\/\/alarme-sans-abonnement.alarm-kit.com\/en_ca\/wp-json\/wp\/v2\/product\/1193","targetHints":{"allow":["GET"]}}],"collection":[{"href":"https:\/\/alarme-sans-abonnement.alarm-kit.com\/en_ca\/wp-json\/wp\/v2\/product"}],"about":[{"href":"https:\/\/alarme-sans-abonnement.alarm-kit.com\/en_ca\/wp-json\/wp\/v2\/types\/product"}],"wp:featuredmedia":[{"embeddable":true,"href":"https:\/\/alarme-sans-abonnement.alarm-kit.com\/en_ca\/wp-json\/wp\/v2\/media\/2939"}],"wp:attachment":[{"href":"https:\/\/alarme-sans-abonnement.alarm-kit.com\/en_ca\/wp-json\/wp\/v2\/media?parent=1193"}],"wp:term":[{"taxonomy":"product_brand","embeddable":true,"href":"https:\/\/alarme-sans-abonnement.alarm-kit.com\/en_ca\/wp-json\/wp\/v2\/product_brand?post=1193"},{"taxonomy":"product_cat","embeddable":true,"href":"https:\/\/alarme-sans-abonnement.alarm-kit.com\/en_ca\/wp-json\/wp\/v2\/product_cat?post=1193"},{"taxonomy":"product_tag","embeddable":true,"href":"https:\/\/alarme-sans-abonnement.alarm-kit.com\/en_ca\/wp-json\/wp\/v2\/product_tag?post=1193"}],"curies":[{"name":"wp","href":"https:\/\/api.w.org\/{rel}","templated":true}]}}