{"id":3262,"date":"2024-10-29T13:24:54","date_gmt":"2024-10-29T12:24:54","guid":{"rendered":"https:\/\/alarme-sans-abonnement.alarm-kit.com\/?post_type=product&#038;p=3262"},"modified":"2025-02-11T12:14:27","modified_gmt":"2025-02-11T11:14:27","slug":"kit-alarme-sans-abonnement-standy-standard","status":"publish","type":"product","link":"https:\/\/alarme-sans-abonnement.alarm-kit.com\/en_au\/store\/no-monthly-fee-home-security-systems-alarm\/wifi-alarm-3\/","title":{"rendered":"Kit Alarme Sans Abonnement Standy Standard"},"content":{"rendered":"<h3>S\u00e9curit\u00e9 \u00e0 Toute \u00c9preuve avec le Syst\u00e8me d&rsquo;Alarme Sans Abonnement WiFi et 4G Standy<\/h3>\n<h4>Total Protection for Your Home<\/h4>\n<p>Give yourself peace of mind with the<strong>Wifi \/4G+ Wireless Alarm STANDY<\/strong>. Guarantee the security of your home with a WiFi alarm system. With cutting-edge technology and advanced features, this system offers 24\/7 monitoring, giving you unrivalled peace of mind. Equipped with ultra-sensitive sensors and reliable WiFi connectivity, it immediately detects any intrusion or suspicious movement. Leave nothing to chance and protect what's important to you.<\/p>\n<h4>Easy Installation and Intelligent Control<\/h4>\n<p>Simplifiez votre vie gr\u00e2ce \u00e0 l&rsquo;installation rapide et intuitive du syst\u00e8me <a href=\"https:\/\/alarme-sans-abonnement.alarm-kit.com\" target=\"_blank\" rel=\"noopener\">Alarm without subscription<\/a> <strong>STANDY<\/strong>. Con\u00e7u pour \u00eatre op\u00e9rationnel en quelques minutes, ce dispositif est id\u00e9al pour les appartements et les maisons. De plus, avec son application mobile conviviale, vous pouvez surveiller et contr\u00f4ler votre syst\u00e8me de s\u00e9curit\u00e9 \u00e0 distance, o\u00f9 que vous soyez. Recevez des alertes en temps r\u00e9el et ajustez les param\u00e8tres en quelques clics pour une s\u00e9curit\u00e9 personnalis\u00e9e.<\/p>\n<p><img loading=\"lazy\" decoding=\"async\" class=\"aligncenter wp-image-3032 size-full\" src=\"https:\/\/alarme-sans-abonnement.alarm-kit.com\/wp-content\/uploads\/2020\/02\/galerie-alarm-kit-1.png\" alt=\"4g house alarm\" width=\"2000\" height=\"960\" srcset=\"https:\/\/alarme-sans-abonnement.alarm-kit.com\/wp-content\/uploads\/2020\/02\/galerie-alarm-kit-1.png 2000w, https:\/\/alarme-sans-abonnement.alarm-kit.com\/wp-content\/uploads\/2020\/02\/galerie-alarm-kit-1-300x144.png 300w, https:\/\/alarme-sans-abonnement.alarm-kit.com\/wp-content\/uploads\/2020\/02\/galerie-alarm-kit-1-1024x492.png 1024w, https:\/\/alarme-sans-abonnement.alarm-kit.com\/wp-content\/uploads\/2020\/02\/galerie-alarm-kit-1-768x369.png 768w, https:\/\/alarme-sans-abonnement.alarm-kit.com\/wp-content\/uploads\/2020\/02\/galerie-alarm-kit-1-1536x737.png 1536w, https:\/\/alarme-sans-abonnement.alarm-kit.com\/wp-content\/uploads\/2020\/02\/galerie-alarm-kit-1-18x9.png 18w, https:\/\/alarme-sans-abonnement.alarm-kit.com\/wp-content\/uploads\/2020\/02\/galerie-alarm-kit-1-600x288.png 600w\" sizes=\"auto, (max-width: 2000px) 100vw, 2000px\" \/><\/p>\n<h4>Discreet Design and High Performance<\/h4>\n<p>Le syst\u00e8me d&rsquo;alarme sans abonnement STANDY se distingue par son design \u00e9l\u00e9gant et discret, s&rsquo;int\u00e9grant parfaitement \u00e0 tout int\u00e9rieur sans compromettre la d\u00e9coration de votre maison. Ses performances \u00e9lev\u00e9es et sa durabilit\u00e9 font de ce syst\u00e8me un choix judicieux pour une protection longue dur\u00e9e. Investissez dans la tranquillit\u00e9 avec un produit qui combine esth\u00e9tique et technologie de pointe pour un environnement s\u00e9curis\u00e9.<\/p>\n<p><img loading=\"lazy\" decoding=\"async\" class=\"aligncenter wp-image-3031 size-full\" src=\"https:\/\/alarme-sans-abonnement.alarm-kit.com\/wp-content\/uploads\/2020\/02\/galerie-STANDY-alarm-kit-banner.png\" alt=\"design 4g wifi alarm\" width=\"2000\" height=\"960\" srcset=\"https:\/\/alarme-sans-abonnement.alarm-kit.com\/wp-content\/uploads\/2020\/02\/galerie-STANDY-alarm-kit-banner.png 2000w, https:\/\/alarme-sans-abonnement.alarm-kit.com\/wp-content\/uploads\/2020\/02\/galerie-STANDY-alarm-kit-banner-300x144.png 300w, https:\/\/alarme-sans-abonnement.alarm-kit.com\/wp-content\/uploads\/2020\/02\/galerie-STANDY-alarm-kit-banner-1024x492.png 1024w, https:\/\/alarme-sans-abonnement.alarm-kit.com\/wp-content\/uploads\/2020\/02\/galerie-STANDY-alarm-kit-banner-768x369.png 768w, https:\/\/alarme-sans-abonnement.alarm-kit.com\/wp-content\/uploads\/2020\/02\/galerie-STANDY-alarm-kit-banner-1536x737.png 1536w, https:\/\/alarme-sans-abonnement.alarm-kit.com\/wp-content\/uploads\/2020\/02\/galerie-STANDY-alarm-kit-banner-18x9.png 18w, https:\/\/alarme-sans-abonnement.alarm-kit.com\/wp-content\/uploads\/2020\/02\/galerie-STANDY-alarm-kit-banner-600x288.png 600w\" sizes=\"auto, (max-width: 2000px) 100vw, 2000px\" \/><\/p>\n<h4>Intelligent and Customised Control<\/h4>\n<p>Thanks to the Tuya or Smart Life app, available on iOS and Android, the <strong>Kit d&rsquo;Alarme Sans Fil Wifi<\/strong>\u00a0allows you to customise security settings to suit your specific needs. Receive instant notifications on your smartphone if an intruder or suspicious movement is detected. What's more, the ability to connect various additional accessories, such as surveillance cameras and smoke detectors, makes this kit extremely adaptable and upgradeable. Enjoy peace of mind, knowing that you can monitor and control your security at the touch of a finger.<\/p>\n<h4>Discreet design<\/h4>\n<p>Le <strong>Kit d&rsquo;Alarme Sans Fil Sans Abonnement <\/strong>is distinguished by its compact, discreet design, blending in perfectly with any d\u00e9cor without attracting attention. Installation is child's play: attach the wireless detectors and sensors to strategic locations in your home or office, connect them to the free Tuya or Smart Life app, and voil\u00e0, your security system is ready to go. With an extended battery life of 1500 mAh, you don't have to worry about power cuts. Protecting your space has never been easier or more stylish.<\/p>\n<p><img loading=\"lazy\" decoding=\"async\" class=\"alignnone size-full wp-image-3008\" src=\"https:\/\/alarme-sans-abonnement.alarm-kit.com\/wp-content\/uploads\/2020\/02\/Smart-life-logo-2.avif\" alt=\"\" width=\"262\" height=\"90\" srcset=\"https:\/\/alarme-sans-abonnement.alarm-kit.com\/wp-content\/uploads\/2020\/02\/Smart-life-logo-2.avif 262w, https:\/\/alarme-sans-abonnement.alarm-kit.com\/wp-content\/uploads\/2020\/02\/Smart-life-logo-2-18x6.avif 18w\" sizes=\"auto, (max-width: 262px) 100vw, 262px\" \/> <img loading=\"lazy\" decoding=\"async\" class=\"alignnone size-full wp-image-3009\" src=\"https:\/\/alarme-sans-abonnement.alarm-kit.com\/wp-content\/uploads\/2020\/02\/Tuya-logo-2.avif\" alt=\"\" width=\"262\" height=\"90\" srcset=\"https:\/\/alarme-sans-abonnement.alarm-kit.com\/wp-content\/uploads\/2020\/02\/Tuya-logo-2.avif 262w, https:\/\/alarme-sans-abonnement.alarm-kit.com\/wp-content\/uploads\/2020\/02\/Tuya-logo-2-18x6.avif 18w\" sizes=\"auto, (max-width: 262px) 100vw, 262px\" \/> <img loading=\"lazy\" decoding=\"async\" class=\"alignnone size-full wp-image-3007\" src=\"https:\/\/alarme-sans-abonnement.alarm-kit.com\/wp-content\/uploads\/2020\/02\/google-assistant-logo-2.avif\" alt=\"\" width=\"262\" height=\"90\" srcset=\"https:\/\/alarme-sans-abonnement.alarm-kit.com\/wp-content\/uploads\/2020\/02\/google-assistant-logo-2.avif 262w, https:\/\/alarme-sans-abonnement.alarm-kit.com\/wp-content\/uploads\/2020\/02\/google-assistant-logo-2-18x6.avif 18w\" sizes=\"auto, (max-width: 262px) 100vw, 262px\" \/> <img loading=\"lazy\" decoding=\"async\" class=\"alignnone size-full wp-image-3006\" src=\"https:\/\/alarme-sans-abonnement.alarm-kit.com\/wp-content\/uploads\/2020\/02\/amazon-alexa-logo-2.avif\" alt=\"\" width=\"262\" height=\"90\" srcset=\"https:\/\/alarme-sans-abonnement.alarm-kit.com\/wp-content\/uploads\/2020\/02\/amazon-alexa-logo-2.avif 262w, https:\/\/alarme-sans-abonnement.alarm-kit.com\/wp-content\/uploads\/2020\/02\/amazon-alexa-logo-2-18x6.avif 18w\" sizes=\"auto, (max-width: 262px) 100vw, 262px\" \/><\/p>\n<p><img loading=\"lazy\" decoding=\"async\" class=\"aligncenter wp-image-3030 size-full\" src=\"https:\/\/alarme-sans-abonnement.alarm-kit.com\/wp-content\/uploads\/2020\/02\/standy-alarme-alarm-kit.png\" alt=\"connected alarm\" width=\"2000\" height=\"960\" srcset=\"https:\/\/alarme-sans-abonnement.alarm-kit.com\/wp-content\/uploads\/2020\/02\/standy-alarme-alarm-kit.png 2000w, https:\/\/alarme-sans-abonnement.alarm-kit.com\/wp-content\/uploads\/2020\/02\/standy-alarme-alarm-kit-300x144.png 300w, https:\/\/alarme-sans-abonnement.alarm-kit.com\/wp-content\/uploads\/2020\/02\/standy-alarme-alarm-kit-1024x492.png 1024w, https:\/\/alarme-sans-abonnement.alarm-kit.com\/wp-content\/uploads\/2020\/02\/standy-alarme-alarm-kit-768x369.png 768w, https:\/\/alarme-sans-abonnement.alarm-kit.com\/wp-content\/uploads\/2020\/02\/standy-alarme-alarm-kit-1536x737.png 1536w, https:\/\/alarme-sans-abonnement.alarm-kit.com\/wp-content\/uploads\/2020\/02\/standy-alarme-alarm-kit-18x9.png 18w, https:\/\/alarme-sans-abonnement.alarm-kit.com\/wp-content\/uploads\/2020\/02\/standy-alarme-alarm-kit-600x288.png 600w\" sizes=\"auto, (max-width: 2000px) 100vw, 2000px\" \/><\/p>\n<p><strong>Technical specifications:<br \/>\n<\/strong>Transmission type: Wi-Fi 2.4Ghz IEEE802.11b\/g\/n<br \/>\nCompatible carte SIM 4G: Oui, avec l\u2019option version 4G+ et l&rsquo;ajout d&rsquo;une <a title=\"4G SIM for No-Subscription Alarm\" href=\"https:\/\/alarme-sans-abonnement.alarm-kit.com\/store\/sim-alarme\/sim-alarme-sans-abonnement\/\">M2M SIM for alarm<\/a><br \/>\nWireless control technology: RF remote control, free app<br \/>\nAlarm siren: Integrated 115 decibels<br \/>\nCompatible applications: Smart Life, Tuya, Google Assistant, Amazon Alexa<br \/>\nCompatible accessories: &gt; 200<br \/>\nTransmission frequency(ies): 433 Mhz, eV1527<br \/>\nDimensions (L x W x H): 120 x 105 x 15.5 mm \/ 4.7\u2033 x 4.1\u2033 x 0.61\u2033 Inches<br \/>\nWeight (with batteries): 183 g<br \/>\nColour: White and Black<br \/>\nPower supply (battery): DC3.7V USB Micro<br \/>\nBattery life: 12H on average, 1500mAh \/ 110min running time<br \/>\nStatus indicators: 109 mm \/ 4.3 inch IPS colour touch screen<br \/>\nInstallation de la centrale: Pos\u00e9e sur une surface plane ou fix\u00e9e sur un mur\/meuble (s\u00e9curit\u00e9 anti-arrachement et vis incluses)<\/p>","protected":false},"excerpt":{"rendered":"<p>Give yourself peace of mind with the\u00a0<strong>Kit d\u2019Alarme Standy Standard <\/strong>including:<\/p>","protected":false},"featured_media":3513,"template":"","meta":{"_uag_custom_page_level_css":"","site-sidebar-layout":"default","site-content-layout":"default","ast-site-content-layout":"default","site-content-style":"default","site-sidebar-style":"default","ast-global-header-display":"","ast-banner-title-visibility":"","ast-main-header-display":"","ast-hfb-above-header-display":"","ast-hfb-below-header-display":"","ast-hfb-mobile-header-display":"","site-post-title":"","ast-breadcrumbs-content":"","ast-featured-img":"","footer-sml-layout":"","theme-transparent-header-meta":"default","adv-header-id-meta":"","stick-header-meta":"default","header-above-stick-meta":"","header-main-stick-meta":"","header-below-stick-meta":"","astra-migrate-meta-layouts":"set","ast-page-background-enabled":"default","ast-page-background-meta":{"desktop":{"background-color":"","background-image":"","background-repeat":"repeat","background-position":"center center","background-size":"auto","background-attachment":"scroll","background-type":"","background-media":"","overlay-type":"","overlay-color":"","overlay-opacity":"","overlay-gradient":""},"tablet":{"background-color":"","background-image":"","background-repeat":"repeat","background-position":"center center","background-size":"auto","background-attachment":"scroll","background-type":"","background-media":"","overlay-type":"","overlay-color":"","overlay-opacity":"","overlay-gradient":""},"mobile":{"background-color":"","background-image":"","background-repeat":"repeat","background-position":"center center","background-size":"auto","background-attachment":"scroll","background-type":"","background-media":"","overlay-type":"","overlay-color":"","overlay-opacity":"","overlay-gradient":""}},"ast-content-background-meta":{"desktop":{"background-color":"var(--ast-global-color-5)","background-image":"","background-repeat":"repeat","background-position":"center center","background-size":"auto","background-attachment":"scroll","background-type":"","background-media":"","overlay-type":"","overlay-color":"","overlay-opacity":"","overlay-gradient":""},"tablet":{"background-color":"var(--ast-global-color-5)","background-image":"","background-repeat":"repeat","background-position":"center center","background-size":"auto","background-attachment":"scroll","background-type":"","background-media":"","overlay-type":"","overlay-color":"","overlay-opacity":"","overlay-gradient":""},"mobile":{"background-color":"var(--ast-global-color-5)","background-image":"","background-repeat":"repeat","background-position":"center center","background-size":"auto","background-attachment":"scroll","background-type":"","background-media":"","overlay-type":"","overlay-color":"","overlay-opacity":"","overlay-gradient":""}}},"product_brand":[],"product_cat":[43,34,15],"product_tag":[],"class_list":{"0":"post-3262","1":"product","2":"type-product","3":"status-publish","4":"has-post-thumbnail","6":"product_cat-alarme-entreprise","7":"product_cat-alarme-maison","8":"product_cat-alarme-sans-abonnement","9":"desktop-align-left","10":"tablet-align-left","11":"mobile-align-left","12":"ast-product-gallery-layout-vertical-slider","13":"ast-product-tabs-layout-horizontal","14":"ast-qv-on-image","16":"first","17":"instock","18":"taxable","19":"shipping-taxable","20":"purchasable","21":"product-type-simple"},"aioseo_notices":[],"uagb_featured_image_src":{"full":["https:\/\/alarme-sans-abonnement.alarm-kit.com\/wp-content\/uploads\/2024\/10\/systeme-alarme-maison-4g-alarme-kit-2.jpg",2000,2000,false],"thumbnail":["https:\/\/alarme-sans-abonnement.alarm-kit.com\/wp-content\/uploads\/2024\/10\/systeme-alarme-maison-4g-alarme-kit-2-150x150.jpg",150,150,true],"medium":["https:\/\/alarme-sans-abonnement.alarm-kit.com\/wp-content\/uploads\/2024\/10\/systeme-alarme-maison-4g-alarme-kit-2-300x300.jpg",300,300,true],"medium_large":["https:\/\/alarme-sans-abonnement.alarm-kit.com\/wp-content\/uploads\/2024\/10\/systeme-alarme-maison-4g-alarme-kit-2-768x768.jpg",768,768,true],"large":["https:\/\/alarme-sans-abonnement.alarm-kit.com\/wp-content\/uploads\/2024\/10\/systeme-alarme-maison-4g-alarme-kit-2-1024x1024.jpg",1024,1024,true],"1536x1536":["https:\/\/alarme-sans-abonnement.alarm-kit.com\/wp-content\/uploads\/2024\/10\/systeme-alarme-maison-4g-alarme-kit-2-1536x1536.jpg",1536,1536,true],"2048x2048":["https:\/\/alarme-sans-abonnement.alarm-kit.com\/wp-content\/uploads\/2024\/10\/systeme-alarme-maison-4g-alarme-kit-2.jpg",2000,2000,false],"trp-custom-language-flag":["https:\/\/alarme-sans-abonnement.alarm-kit.com\/wp-content\/uploads\/2024\/10\/systeme-alarme-maison-4g-alarme-kit-2-12x12.jpg",12,12,true],"woocommerce_thumbnail":["https:\/\/alarme-sans-abonnement.alarm-kit.com\/wp-content\/uploads\/2024\/10\/systeme-alarme-maison-4g-alarme-kit-2-300x300.jpg",300,300,true],"woocommerce_single":["https:\/\/alarme-sans-abonnement.alarm-kit.com\/wp-content\/uploads\/2024\/10\/systeme-alarme-maison-4g-alarme-kit-2-600x600.jpg",600,600,true],"woocommerce_gallery_thumbnail":["https:\/\/alarme-sans-abonnement.alarm-kit.com\/wp-content\/uploads\/2024\/10\/systeme-alarme-maison-4g-alarme-kit-2-100x100.jpg",100,100,true]},"uagb_author_info":{"display_name":"alarme-sans-abonnement.alarm-kit.com","author_link":"https:\/\/alarme-sans-abonnement.alarm-kit.com\/en_au\/author\/"},"uagb_comment_info":0,"uagb_excerpt":"Offrez-vous la tranquillit\u00e9 d\u2019esprit avec le\u00a0Kit d\u2019Alarme Standy Standard incluant:","jetpack_sharing_enabled":true,"_links":{"self":[{"href":"https:\/\/alarme-sans-abonnement.alarm-kit.com\/en_au\/wp-json\/wp\/v2\/product\/3262","targetHints":{"allow":["GET"]}}],"collection":[{"href":"https:\/\/alarme-sans-abonnement.alarm-kit.com\/en_au\/wp-json\/wp\/v2\/product"}],"about":[{"href":"https:\/\/alarme-sans-abonnement.alarm-kit.com\/en_au\/wp-json\/wp\/v2\/types\/product"}],"wp:featuredmedia":[{"embeddable":true,"href":"https:\/\/alarme-sans-abonnement.alarm-kit.com\/en_au\/wp-json\/wp\/v2\/media\/3513"}],"wp:attachment":[{"href":"https:\/\/alarme-sans-abonnement.alarm-kit.com\/en_au\/wp-json\/wp\/v2\/media?parent=3262"}],"wp:term":[{"taxonomy":"product_brand","embeddable":true,"href":"https:\/\/alarme-sans-abonnement.alarm-kit.com\/en_au\/wp-json\/wp\/v2\/product_brand?post=3262"},{"taxonomy":"product_cat","embeddable":true,"href":"https:\/\/alarme-sans-abonnement.alarm-kit.com\/en_au\/wp-json\/wp\/v2\/product_cat?post=3262"},{"taxonomy":"product_tag","embeddable":true,"href":"https:\/\/alarme-sans-abonnement.alarm-kit.com\/en_au\/wp-json\/wp\/v2\/product_tag?post=3262"}],"curies":[{"name":"wp","href":"https:\/\/api.w.org\/{rel}","templated":true}]}}